{"id":1392,"date":"2026-03-22T16:11:58","date_gmt":"2026-03-22T16:11:58","guid":{"rendered":"https:\/\/www.hugspil.is\/?post_type=product&#038;p=1392"},"modified":"2026-03-29T17:22:45","modified_gmt":"2026-03-29T17:22:45","slug":"stjornuaevintyri-tunglhugur-thrautir","status":"publish","type":"product","link":"http:\/\/www.hugspil.is\/is\/product\/star-adventures-the-moon-mind-puzzles\/","title":{"rendered":"STAR ADVENTURES \u2013 TUNGLIN"},"content":{"rendered":"<figure data-content-type=\"image\" data-appearance=\"full-width\" data-element=\"main\" data-pb-style=\"LQ1RV8D\" data-rm-block-id=\"block-1\"><img decoding=\"async\" class=\"pagebuilder-mobile-hidden\" title=\"\" src=\"{{media url=wysiwyg\/Banner_StarAdventures.jpg}}\" alt=\"\" data-element=\"desktop_image\" data-pb-style=\"BNIRD47\" \/><img decoding=\"async\" class=\"pagebuilder-mobile-only\" title=\"\" src=\"{{media url=wysiwyg\/Banner_StarAdventures.jpg}}\" alt=\"\" data-element=\"mobile_image\" data-pb-style=\"IJSQ7BR\" \/><\/figure>\n<hr data-element=\"line\" data-pb-style=\"CHWS1A2\" data-rm-block-id=\"block-2\" \/>\n<figure data-content-type=\"image\" data-appearance=\"full-width\" data-element=\"main\" data-pb-style=\"C7QN7UU\" data-rm-block-id=\"block-3\"><img decoding=\"async\" class=\"pagebuilder-mobile-hidden\" title=\"\" src=\"{{media url=wysiwyg\/Mockup_1.jpg}}\" alt=\"\" data-element=\"desktop_image\" data-pb-style=\"QO5S2I1\" \/><img decoding=\"async\" class=\"pagebuilder-mobile-only\" title=\"\" src=\"{{media url=wysiwyg\/Mockup_1.jpg}}\" alt=\"\" data-element=\"mobile_image\" data-pb-style=\"SF22QE8\" \/><\/figure>\n<p data-rm-block-id=\"block-4\"><strong>Leiktu og l\u00e6r\u00f0u<\/strong> \u2013 \u00ed hverjum kassa finnur \u00fe\u00fa \u00ferautina + b\u00e6kling me\u00f0 forvitnilegum uppl\u00fdsingum um geimhlutinn, myndir, s\u00f6gu og mikilv\u00e6g sta\u00f0reyndir.<\/p>\n<hr data-element=\"line\" data-pb-style=\"TJHMNF0\" data-rm-block-id=\"block-5\" \/>\n<figure data-content-type=\"image\" data-appearance=\"full-width\" data-element=\"main\" data-pb-style=\"IDI6I8T\" data-rm-block-id=\"block-6\"><img decoding=\"async\" class=\"pagebuilder-mobile-hidden\" title=\"\" src=\"{{media url=wysiwyg\/pack_1.jpg}}\" alt=\"\" data-element=\"desktop_image\" data-pb-style=\"ROGA634\" \/><img decoding=\"async\" class=\"pagebuilder-mobile-only\" title=\"\" src=\"{{media url=wysiwyg\/pack_1.jpg}}\" alt=\"\" data-element=\"mobile_image\" data-pb-style=\"G32U1NB\" \/><img decoding=\"async\" class=\"pagebuilder-mobile-only\" title=\"\" src=\"{{media url=wysiwyg\/mano_1.jpg}}\" alt=\"\" data-element=\"mobile_image\" data-pb-style=\"JP6SROL\" \/><\/figure>\n<p style=\"text-align: center,;\" data-rm-block-id=\"block-7\"><strong>MEIRA UM T\u00cdUNA<br \/>\n<\/strong><\/p>\n<p style=\"text-align: center,;\" data-rm-block-id=\"block-8\">Vi\u00f0 h\u00f6fum hugleitt hvern einasta sm\u00e1atri\u00f0i v\u00f6runnar, jafnvel umb\u00fa\u00f0irnar, sem geta skoti\u00f0 \u00fe\u00e9r \u00fat \u00ed geiminn vi\u00f0 fyrstu s\u00fdn!<\/p>\n<figure data-content-type=\"image\" data-appearance=\"full-width\" data-element=\"main\" data-pb-style=\"TI7Q6PF\" data-rm-block-id=\"block-9\"><img decoding=\"async\" class=\"pagebuilder-mobile-only\" title=\"\" src=\"{{media url=wysiwyg\/STAR_ADV_ENG_Difficolt__4su6_1.jpg}}\" alt=\"\" data-element=\"mobile_image\" data-pb-style=\"OIG11BK\" \/><\/figure>\n<figure data-content-type=\"image\" data-appearance=\"full-width\" data-element=\"main\" data-pb-style=\"UO0H6N5\" data-rm-block-id=\"block-10\"><img decoding=\"async\" class=\"pagebuilder-mobile-hidden\" title=\"\" src=\"{{media url=wysiwyg\/STAR_ADV_ENG_Tempo_30min-1mese_1.jpg}}\" alt=\"\" data-element=\"desktop_image\" data-pb-style=\"J0CIGRQ\" \/><img decoding=\"async\" class=\"pagebuilder-mobile-only\" title=\"\" src=\"{{media url=wysiwyg\/STAR_ADV_ENG_Tempo_30min-1mese_1.jpg}}\" alt=\"\" data-element=\"mobile_image\" data-pb-style=\"GSQ099F\" \/><\/figure>\n<figure data-content-type=\"image\" data-appearance=\"full-width\" data-element=\"main\" data-pb-style=\"VGKWRII\" data-rm-block-id=\"block-11\"><img decoding=\"async\" class=\"pagebuilder-mobile-hidden\" title=\"\" src=\"{{media url=wysiwyg\/STAR_ADV_ENG_Dimensioi_Luna.jpg}}\" alt=\"\" data-element=\"desktop_image\" data-pb-style=\"POQCYAF\" \/><img decoding=\"async\" class=\"pagebuilder-mobile-only\" title=\"\" src=\"{{media url=wysiwyg\/STAR_ADV_ENG_Dimensioi_Luna.jpg}}\" alt=\"\" data-element=\"mobile_image\" data-pb-style=\"HNTYRL3\" \/><\/figure>","protected":false},"excerpt":{"rendered":"<p>&nbsp;<\/p>\n<ul>\n<li><strong>MISSION<\/strong>: Free the coin from the secret box.<\/li>\n<li><strong>DIFFICULTY<\/strong>: 4\/6 Mj\u00f6g erfitt.<\/li>\n<\/ul>","protected":false},"featured_media":1541,"comment_status":"open","ping_status":"closed","template":"","meta":{"_monsterinsights_skip_tracking":false,"_monsterinsights_sitenote_active":false,"_monsterinsights_sitenote_note":"","_monsterinsights_sitenote_category":0},"product_brand":[],"product_cat":[25],"product_tag":[158,142,153,143,165,164,162,156,157,140,139,161,65,48,155,163,159,160,150,154],"class_list":{"0":"post-1392","1":"product","2":"type-product","3":"status-publish","4":"has-post-thumbnail","6":"product_cat-wooden-puzzles","7":"product_tag-brain-teaser-box","8":"product_tag-brain-teasers","9":"product_tag-brain-teasers-for-adults","10":"product_tag-brainteasers","11":"product_tag-gift-box","12":"product_tag-gift-case","13":"product_tag-jewelry-box","14":"product_tag-magic-box","15":"product_tag-magic-case","16":"product_tag-mind-games","17":"product_tag-mind-puzzles","18":"product_tag-money-box","19":"product_tag-puzzle-box","20":"product_tag-secret-box","21":"product_tag-secret-case","22":"product_tag-secret-drawer","23":"product_tag-tricky-box","24":"product_tag-tricky-safe","25":"product_tag-wooden-puzzles","26":"product_tag-wooden-puzzles-for-adults","28":"first","29":"instock","30":"taxable","31":"shipping-taxable","32":"purchasable","33":"product-type-simple"},"jetpack_sharing_enabled":true,"_links":{"self":[{"href":"http:\/\/www.hugspil.is\/is\/wp-json\/wp\/v2\/product\/1392","targetHints":{"allow":["GET"]}}],"collection":[{"href":"http:\/\/www.hugspil.is\/is\/wp-json\/wp\/v2\/product"}],"about":[{"href":"http:\/\/www.hugspil.is\/is\/wp-json\/wp\/v2\/types\/product"}],"replies":[{"embeddable":true,"href":"http:\/\/www.hugspil.is\/is\/wp-json\/wp\/v2\/comments?post=1392"}],"wp:featuredmedia":[{"embeddable":true,"href":"http:\/\/www.hugspil.is\/is\/wp-json\/wp\/v2\/media\/1541"}],"wp:attachment":[{"href":"http:\/\/www.hugspil.is\/is\/wp-json\/wp\/v2\/media?parent=1392"}],"wp:term":[{"taxonomy":"product_brand","embeddable":true,"href":"http:\/\/www.hugspil.is\/is\/wp-json\/wp\/v2\/product_brand?post=1392"},{"taxonomy":"product_cat","embeddable":true,"href":"http:\/\/www.hugspil.is\/is\/wp-json\/wp\/v2\/product_cat?post=1392"},{"taxonomy":"product_tag","embeddable":true,"href":"http:\/\/www.hugspil.is\/is\/wp-json\/wp\/v2\/product_tag?post=1392"}],"curies":[{"name":"wp","href":"https:\/\/api.w.org\/{rel}","templated":true}]}}