{"id":1390,"date":"2026-03-22T16:11:58","date_gmt":"2026-03-22T16:11:58","guid":{"rendered":"https:\/\/www.hugspil.is\/?post_type=product&#038;p=1390"},"modified":"2026-03-29T16:04:09","modified_gmt":"2026-03-29T16:04:09","slug":"skakkassi-skakkassi","status":"publish","type":"product","link":"http:\/\/www.hugspil.is\/is\/product\/schach-box-chess-box\/","title":{"rendered":"Sk\u00e1kkassi"},"content":{"rendered":"<p><strong>Kassi innbl\u00e1sinn af sk\u00e1kleiknum.<\/strong><\/p>\n<p><strong>\u00c1SKORUN:<\/strong> Opna\u00f0u sk\u00e1k kassann!<\/p>\n<p>N\u00fd g\u00e1tuskr\u00edn, \u00e1v\u00f6xtur snillingshugans Jean-Claude Constantin.<br \/>\n\u00c1 lokinu eru ellefu m\u00e1lm-sk\u00e1kstykki sem h\u00e6gt er a\u00f0 f\u00e6ra og sem fela brellu til opnunar.<\/p>\n<p>\u00deessi kista er mj\u00f6g fl\u00f3kin, krefjandi og \u00f3missandi vara fyrir sanna safnara.<\/p>\n<p><strong>Erfi\u00f0leikastig:<\/strong> 4\/6 Mj\u00f6g erfitt. Me\u00f0allausnart\u00edmi: 20 m\u00edn\u00fatur \u2013 30 dagar.<\/p>\n<p><strong>Vi\u00f0mi\u00f0:<\/strong> \u2248 10,4 \u00d7 14,7 \u00d7 8,1 cm.<\/p>\n<p>\u00deetta kassi er hanna\u00f0ur af Jean-Claude Constantin og framleiddur \u00ed Indlandi. \u00dear sem framlei\u00f0slan er alfari\u00f0 handunnin hefur hvert eintak \u00f6rsm\u00e1ar gallana.<\/p>\n<p>Jean-Claude Constantin b\u00fdr \u00ed \u00de\u00fdskalandi \u00fear sem hann h\u00f6nnar og framlei\u00f0ir marga vi\u00f0ar- og m\u00e1lm\u00ferautap\u00fasla, spil og vitsmunaleiki. Hann er talinn einn besti h\u00f6nnu\u00f0urinn \u00ed heimi \u00ferautaspila.<\/p>","protected":false},"excerpt":{"rendered":"<p>CHALLENGE: open the chess box!<\/p>\n<p>DIFFICULTY: 4\/6 Very hard.<\/p>","protected":false},"featured_media":1532,"comment_status":"open","ping_status":"closed","template":"","meta":{"_monsterinsights_skip_tracking":false,"_monsterinsights_sitenote_active":false,"_monsterinsights_sitenote_note":"","_monsterinsights_sitenote_category":0},"product_brand":[],"product_cat":[25],"product_tag":[158,142,153,143,165,164,162,156,157,140,139,161,65,48,155,163,159,160,150,154],"class_list":{"0":"post-1390","1":"product","2":"type-product","3":"status-publish","4":"has-post-thumbnail","6":"product_cat-wooden-puzzles","7":"product_tag-brain-teaser-box","8":"product_tag-brain-teasers","9":"product_tag-brain-teasers-for-adults","10":"product_tag-brainteasers","11":"product_tag-gift-box","12":"product_tag-gift-case","13":"product_tag-jewelry-box","14":"product_tag-magic-box","15":"product_tag-magic-case","16":"product_tag-mind-games","17":"product_tag-mind-puzzles","18":"product_tag-money-box","19":"product_tag-puzzle-box","20":"product_tag-secret-box","21":"product_tag-secret-case","22":"product_tag-secret-drawer","23":"product_tag-tricky-box","24":"product_tag-tricky-safe","25":"product_tag-wooden-puzzles","26":"product_tag-wooden-puzzles-for-adults","28":"first","29":"instock","30":"taxable","31":"shipping-taxable","32":"purchasable","33":"product-type-simple"},"jetpack_sharing_enabled":true,"_links":{"self":[{"href":"http:\/\/www.hugspil.is\/is\/wp-json\/wp\/v2\/product\/1390","targetHints":{"allow":["GET"]}}],"collection":[{"href":"http:\/\/www.hugspil.is\/is\/wp-json\/wp\/v2\/product"}],"about":[{"href":"http:\/\/www.hugspil.is\/is\/wp-json\/wp\/v2\/types\/product"}],"replies":[{"embeddable":true,"href":"http:\/\/www.hugspil.is\/is\/wp-json\/wp\/v2\/comments?post=1390"}],"wp:featuredmedia":[{"embeddable":true,"href":"http:\/\/www.hugspil.is\/is\/wp-json\/wp\/v2\/media\/1532"}],"wp:attachment":[{"href":"http:\/\/www.hugspil.is\/is\/wp-json\/wp\/v2\/media?parent=1390"}],"wp:term":[{"taxonomy":"product_brand","embeddable":true,"href":"http:\/\/www.hugspil.is\/is\/wp-json\/wp\/v2\/product_brand?post=1390"},{"taxonomy":"product_cat","embeddable":true,"href":"http:\/\/www.hugspil.is\/is\/wp-json\/wp\/v2\/product_cat?post=1390"},{"taxonomy":"product_tag","embeddable":true,"href":"http:\/\/www.hugspil.is\/is\/wp-json\/wp\/v2\/product_tag?post=1390"}],"curies":[{"name":"wp","href":"https:\/\/api.w.org\/{rel}","templated":true}]}}