{"id":1348,"date":"2026-03-22T16:11:35","date_gmt":"2026-03-22T16:11:35","guid":{"rendered":"https:\/\/www.hugspil.is\/?post_type=product&#038;p=1348"},"modified":"2026-03-29T17:27:04","modified_gmt":"2026-03-29T17:27:04","slug":"star-adventures-uranus-3d-wooden-puzzles","status":"publish","type":"product","link":"http:\/\/www.hugspil.is\/is\/product\/star-adventures-uranus-3d-wooden-puzzles\/","title":{"rendered":"STAR ADVENTURES \u2013 URANUS"},"content":{"rendered":"<figure data-content-type=\"image\" data-appearance=\"full-width\" data-element=\"main\" data-pb-style=\"OQNDP66\"><img decoding=\"async\" class=\"pagebuilder-mobile-hidden\" title=\"\" src=\"{{media url=wysiwyg\/Banner_StarAdventures.jpg}}\" alt=\"\" data-element=\"desktop_image\" data-pb-style=\"NBTD5B4\" \/><img decoding=\"async\" class=\"pagebuilder-mobile-only\" title=\"\" src=\"{{media url=wysiwyg\/Banner_StarAdventures.jpg}}\" alt=\"\" data-element=\"mobile_image\" data-pb-style=\"CGPQOAA\" \/><\/figure>\n<hr data-element=\"line\" data-pb-style=\"TRJHLKX\" \/>\n<p style=\"text-align: center,;\"><strong><br \/>\n<\/strong>Time to discover the seventh planet of the Solar System.<\/p>\n<p style=\"text-align: center,;\">Although visible to the naked eye, Uranus was long thought to be a simple star and recognized as a planet only after careful observation in 1781.<\/p>\n<p style=\"text-align: center,;\">Try to disassemble and reassemble the intricate pieces that make up this space giant, one of our 3D puzzles with the highest level of difficulty!<\/p>\n<hr data-element=\"line\" data-pb-style=\"WGHUFMH\" \/>\n<figure data-content-type=\"image\" data-appearance=\"full-width\" data-element=\"main\" data-pb-style=\"MFYXUC9\"><img decoding=\"async\" class=\"pagebuilder-mobile-hidden\" title=\"\" src=\"{{media url=wysiwyg\/Pezzi_3.jpg}}\" alt=\"\" data-element=\"desktop_image\" data-pb-style=\"OUWU2MD\" \/><img decoding=\"async\" class=\"pagebuilder-mobile-only\" title=\"\" src=\"{{media url=wysiwyg\/Pezzi_3.jpg}}\" alt=\"\" data-element=\"mobile_image\" data-pb-style=\"XWDJJ3S\" \/><\/figure>\n<figure data-content-type=\"image\" data-appearance=\"full-width\" data-element=\"main\" data-pb-style=\"JH7XCPV\"><img decoding=\"async\" class=\"pagebuilder-mobile-hidden\" title=\"\" src=\"{{media url=wysiwyg\/Urano_brochure.jpg}}\" alt=\"\" data-element=\"desktop_image\" data-pb-style=\"AERSS1W\" \/><img decoding=\"async\" class=\"pagebuilder-mobile-only\" title=\"\" src=\"{{media url=wysiwyg\/Urano_brochure.jpg}}\" alt=\"\" data-element=\"mobile_image\" data-pb-style=\"MMY384S\" \/><\/figure>\n<figure data-content-type=\"image\" data-appearance=\"full-width\" data-element=\"main\" data-pb-style=\"LT2H440\"><img decoding=\"async\" class=\"pagebuilder-mobile-hidden\" title=\"\" src=\"{{media url=wysiwyg\/Pezzi_2.jpg}}\" alt=\"\" data-element=\"desktop_image\" data-pb-style=\"SSXQQCW\" \/><img decoding=\"async\" class=\"pagebuilder-mobile-only\" title=\"\" src=\"{{media url=wysiwyg\/Pezzi_2.jpg}}\" alt=\"\" data-element=\"mobile_image\" data-pb-style=\"R8E6TEH\" \/><\/figure>\n<p style=\"text-align: center,;\"><strong>THE PIECES<br \/>\n<\/strong><\/p>\n<p style=\"text-align: center,;\">30 pieces make up this cube, each with a different shape.<\/p>\n<p style=\"text-align: center,;\">While taking them apart might be easy, reassembling them will be the real challenge.<\/p>\n<p style=\"text-align: center,;\"><strong>MORE ABOUT URANUS<br \/>\n<\/strong><\/p>\n<p style=\"text-align: center,;\">Vi\u00f0 h\u00f6fum hugleitt hvern einasta sm\u00e1atri\u00f0i v\u00f6runnar, jafnvel umb\u00fa\u00f0irnar, sem geta skoti\u00f0 \u00fe\u00e9r \u00fat \u00ed geiminn vi\u00f0 fyrstu s\u00fdn!<\/p>\n<p style=\"text-align: center,;\">Og inni finnur \u00fe\u00fa einnig \u00edtarlega fr\u00e6\u00f0andi b\u00e6kling til a\u00f0 fr\u00e6\u00f0ast n\u00e1nar um pl\u00e1netuna sem verkefni \u00feitt beinist a\u00f0.<\/p>\n<p style=\"text-align: center,;\"><strong>INCREDIBLE MISSION<\/strong><\/p>\n<p style=\"text-align: center,;\">The particular joints of each piece make Uranus the most extreme mission of our Star Adventures series.<\/p>\n<p style=\"text-align: center,;\">Especially recommended for those who are already well versed in the world of puzzles, as well as those who are bold enough to try!<img decoding=\"async\" class=\"pagebuilder-mobile-only\" title=\"\" src=\"{{media url=wysiwyg\/STAR_ADV_ENG_Difficolt__6su6.jpg}}\" alt=\"\" data-element=\"mobile_image\" data-pb-style=\"UASHV86\" \/><\/p>\n<figure data-content-type=\"image\" data-appearance=\"full-width\" data-element=\"main\" data-pb-style=\"RMUTUSC\"><img decoding=\"async\" class=\"pagebuilder-mobile-hidden\" title=\"\" src=\"{{media url=wysiwyg\/STAR_ADV_ENG_Tempo_1ora-1anno.jpg}}\" alt=\"\" data-element=\"desktop_image\" data-pb-style=\"JHT2JQG\" \/><img decoding=\"async\" class=\"pagebuilder-mobile-only\" title=\"\" src=\"{{media url=wysiwyg\/STAR_ADV_ENG_Tempo_1ora-1anno.jpg}}\" alt=\"\" data-element=\"mobile_image\" data-pb-style=\"UH78RTY\" \/><\/figure>\n<figure data-content-type=\"image\" data-appearance=\"full-width\" data-element=\"main\" data-pb-style=\"P93E2AI\"><img decoding=\"async\" class=\"pagebuilder-mobile-hidden\" title=\"\" src=\"{{media url=wysiwyg\/STAR_ADV_ENG_Dimensioi_Urano.jpg}}\" alt=\"\" data-element=\"desktop_image\" data-pb-style=\"HRRT4FH\" \/><img decoding=\"async\" class=\"pagebuilder-mobile-only\" title=\"\" src=\"{{media url=wysiwyg\/STAR_ADV_ENG_Dimensioi_Urano.jpg}}\" alt=\"\" data-element=\"mobile_image\" data-pb-style=\"TAFV0EO\" \/><\/figure>","protected":false},"excerpt":{"rendered":"<p>MISSION: Disassemble and reassemble the cube made up of 30 crafty pieces.<\/p>\n<p>DIFFICUTY: Extreme 6\/6. Recommended only for puzzle experts!<\/p>","protected":false},"featured_media":1520,"comment_status":"open","ping_status":"closed","template":"","meta":{"_monsterinsights_skip_tracking":false,"_monsterinsights_sitenote_active":false,"_monsterinsights_sitenote_note":"","_monsterinsights_sitenote_category":0},"product_brand":[],"product_cat":[25],"product_tag":[210,209,211,208,142,143,269,132,139,382,150,154],"class_list":{"0":"post-1348","1":"product","2":"type-product","3":"status-publish","4":"has-post-thumbnail","6":"product_cat-wooden-puzzles","7":"product_tag-3d-brain-teasers","8":"product_tag-3d-mind-puzzles","9":"product_tag-3d-wooden-brain-teasers","10":"product_tag-3d-wooden-puzzles","11":"product_tag-brain-teasers","12":"product_tag-brainteasers","13":"product_tag-difficulty-10-10","14":"product_tag-expert-puzzle","15":"product_tag-mind-puzzles","16":"product_tag-puzzle-impossible","17":"product_tag-wooden-puzzles","18":"product_tag-wooden-puzzles-for-adults","20":"first","21":"instock","22":"taxable","23":"shipping-taxable","24":"purchasable","25":"product-type-simple"},"jetpack_sharing_enabled":true,"_links":{"self":[{"href":"http:\/\/www.hugspil.is\/is\/wp-json\/wp\/v2\/product\/1348","targetHints":{"allow":["GET"]}}],"collection":[{"href":"http:\/\/www.hugspil.is\/is\/wp-json\/wp\/v2\/product"}],"about":[{"href":"http:\/\/www.hugspil.is\/is\/wp-json\/wp\/v2\/types\/product"}],"replies":[{"embeddable":true,"href":"http:\/\/www.hugspil.is\/is\/wp-json\/wp\/v2\/comments?post=1348"}],"wp:featuredmedia":[{"embeddable":true,"href":"http:\/\/www.hugspil.is\/is\/wp-json\/wp\/v2\/media\/1520"}],"wp:attachment":[{"href":"http:\/\/www.hugspil.is\/is\/wp-json\/wp\/v2\/media?parent=1348"}],"wp:term":[{"taxonomy":"product_brand","embeddable":true,"href":"http:\/\/www.hugspil.is\/is\/wp-json\/wp\/v2\/product_brand?post=1348"},{"taxonomy":"product_cat","embeddable":true,"href":"http:\/\/www.hugspil.is\/is\/wp-json\/wp\/v2\/product_cat?post=1348"},{"taxonomy":"product_tag","embeddable":true,"href":"http:\/\/www.hugspil.is\/is\/wp-json\/wp\/v2\/product_tag?post=1348"}],"curies":[{"name":"wp","href":"https:\/\/api.w.org\/{rel}","templated":true}]}}