{"id":1346,"date":"2026-03-22T16:11:35","date_gmt":"2026-03-22T16:11:35","guid":{"rendered":"https:\/\/www.hugspil.is\/?post_type=product&#038;p=1346"},"modified":"2026-03-29T13:58:55","modified_gmt":"2026-03-29T13:58:55","slug":"gatubolti","status":"publish","type":"product","link":"http:\/\/www.hugspil.is\/is\/product\/puzzleball\/","title":{"rendered":"P\u00faslubolti"},"content":{"rendered":"<p>\u00d3tr\u00falega erfitt \u00fer\u00edv\u00edtt \u00feraut, hanna\u00f0 af hinum fr\u00e6ga uppfinningamanni Jean-Claude Contsantin.<\/p>\n<p><strong>\u00c1skorun<\/strong>: Taka k\u00faluna \u00ed sundur og setja hana saman aftur, sem samanstendur af nokkrum hlutum.<\/p>\n<p>Anna\u00f0 \u00feraut sem setur \u00feig virkilega \u00e1 pr\u00f3f, handunni\u00f0 \u00ed \u00de\u00fdskalandi, eing\u00f6ngu \u00far h\u00e1g\u00e6\u00f0a vi\u00f0i.<\/p>\n<p><strong>Erfi\u00f0leikastig<\/strong>: 4\/6 Mj\u00f6g erfitt. Me\u00f0al leystingart\u00edmi: 30 m\u00edn\u00fatur \u2013 30 dagar.<\/p>\n<p><strong>Vi\u00f0mi\u00f0<\/strong>: 14 x 14 x 14 cm \/ 5,5 x 5,5 x 5,5 tommur.<\/p>\n<p>Jean Claude Constantin b\u00fdr \u00ed \u00de\u00fdskalandi, \u00fear sem hann h\u00f6nnar og b\u00fdr til fj\u00f6lm\u00f6rg \u00ferautir \u00far vi\u00f0 og m\u00e1lmi, hver \u00feeirra gj\u00f6r\u00f3l\u00edk \u00feeirri fyrri. V\u00f6rulisti hans er svo umfangsmikill a\u00f0 \u00fea\u00f0 ver\u00f0ur erfitt a\u00f0 finna ekki leik sem hentar \u00fe\u00e9r!<\/p>\n<p>\u00dathlutu\u00f0 erfi\u00f0leikastig og lausnart\u00edmi eru til vi\u00f0mi\u00f0unar.<br \/>\nS\u00e9rfr\u00e6\u00f0ingar \u00ed \u00ferautalausnum kunna a\u00f0 finna leikinn au\u00f0veldari og leysa hann \u00e1 skemmri t\u00edma.<\/p>","protected":false},"excerpt":{"rendered":"<p>CHALLENGE: disassemble and reassemble the sphere, made up of several pieces.<\/p>\n<p>DIFFICULTY: 4\/6 Very hard.<\/p>\n<p>&nbsp;<\/p>","protected":false},"featured_media":1505,"comment_status":"open","ping_status":"closed","template":"","meta":{"_monsterinsights_skip_tracking":false,"_monsterinsights_sitenote_active":false,"_monsterinsights_sitenote_note":"","_monsterinsights_sitenote_category":0},"product_brand":[],"product_cat":[25],"product_tag":[210,209,211,208,142,143,235,236,139,150,154,184],"class_list":{"0":"post-1346","1":"product","2":"type-product","3":"status-publish","4":"has-post-thumbnail","6":"product_cat-wooden-puzzles","7":"product_tag-3d-brain-teasers","8":"product_tag-3d-mind-puzzles","9":"product_tag-3d-wooden-brain-teasers","10":"product_tag-3d-wooden-puzzles","11":"product_tag-brain-teasers","12":"product_tag-brainteasers","13":"product_tag-educational-puzzles","14":"product_tag-educational-puzzles-for-kids","15":"product_tag-mind-puzzles","16":"product_tag-wooden-puzzles","17":"product_tag-wooden-puzzles-for-adults","18":"product_tag-wooden-puzzles-for-kids","20":"first","21":"instock","22":"taxable","23":"shipping-taxable","24":"purchasable","25":"product-type-simple"},"jetpack_sharing_enabled":true,"_links":{"self":[{"href":"http:\/\/www.hugspil.is\/is\/wp-json\/wp\/v2\/product\/1346","targetHints":{"allow":["GET"]}}],"collection":[{"href":"http:\/\/www.hugspil.is\/is\/wp-json\/wp\/v2\/product"}],"about":[{"href":"http:\/\/www.hugspil.is\/is\/wp-json\/wp\/v2\/types\/product"}],"replies":[{"embeddable":true,"href":"http:\/\/www.hugspil.is\/is\/wp-json\/wp\/v2\/comments?post=1346"}],"wp:featuredmedia":[{"embeddable":true,"href":"http:\/\/www.hugspil.is\/is\/wp-json\/wp\/v2\/media\/1505"}],"wp:attachment":[{"href":"http:\/\/www.hugspil.is\/is\/wp-json\/wp\/v2\/media?parent=1346"}],"wp:term":[{"taxonomy":"product_brand","embeddable":true,"href":"http:\/\/www.hugspil.is\/is\/wp-json\/wp\/v2\/product_brand?post=1346"},{"taxonomy":"product_cat","embeddable":true,"href":"http:\/\/www.hugspil.is\/is\/wp-json\/wp\/v2\/product_cat?post=1346"},{"taxonomy":"product_tag","embeddable":true,"href":"http:\/\/www.hugspil.is\/is\/wp-json\/wp\/v2\/product_tag?post=1346"}],"curies":[{"name":"wp","href":"https:\/\/api.w.org\/{rel}","templated":true}]}}