{"id":1344,"date":"2026-03-22T16:11:35","date_gmt":"2026-03-22T16:11:35","guid":{"rendered":"https:\/\/www.hugspil.is\/?post_type=product&#038;p=1344"},"modified":"2026-03-29T17:00:03","modified_gmt":"2026-03-29T17:00:03","slug":"smiley-box-mind-puzzles","status":"publish","type":"product","link":"http:\/\/www.hugspil.is\/is\/product\/smiley-box-mind-puzzles\/","title":{"rendered":"Br\u00e1\u00f0abirg\u00f0akassi"},"content":{"rendered":"<p>Anyone who has been navigating the world of puzzles for some time and knows the famous inventor Constantin well, will surely recognize this smiling face.<\/p>\n<p>This box provides for the solution of the &#8220;<strong>Gro\u00dfmaul<\/strong>&#8221; puzzle, or the Big Mouth (another 2D puzzle by Constantin himself), on the surface in order to be opened.<\/p>\n<p><strong>\u00c1skorun<\/strong>: remove the round plastic part, held by the two eyes at the top, from the opening of the puzzle.<\/p>\n<p><strong>Erfi\u00f0leikastig<\/strong>: 2\/6 MEDIUM *. Average solution time: 3 &#8211; 30 minutes.<\/p>\n<p><strong>Vi\u00f0mi\u00f0<\/strong>: 8 x 8 x 6 cm \/ 3 x 3 x 2 inches.<\/p>\n<p>Another brilliant idea for a puzzle box, born from the mind of one of the most famous inventors of puzzles and brain teasers around. Jean-Claude Constantin lives and works in Germany, where he realizes his creations with laser cutting on high quality woods and plexiglass.<\/p>\n<p>* The reported difficulty and solution time are indicative.<\/p>","protected":false},"excerpt":{"rendered":"<p>CHALLENGE: solve the puzzle on the surface to open the box.<\/p>\n<p>DIFFICULTY: 2\/6 MEDIUM.<\/p>","protected":false},"featured_media":1497,"comment_status":"open","ping_status":"closed","template":"","meta":{"_monsterinsights_skip_tracking":false,"_monsterinsights_sitenote_active":false,"_monsterinsights_sitenote_note":"","_monsterinsights_sitenote_category":0},"product_brand":[],"product_cat":[1139,25],"product_tag":[158,142,153,143,165,164,162,156,157,140,139,161,65,48,155,163,159,160,150,154],"class_list":{"0":"post-1344","1":"product","2":"type-product","3":"status-publish","4":"has-post-thumbnail","6":"product_cat-escape-box","7":"product_cat-wooden-puzzles","8":"product_tag-brain-teaser-box","9":"product_tag-brain-teasers","10":"product_tag-brain-teasers-for-adults","11":"product_tag-brainteasers","12":"product_tag-gift-box","13":"product_tag-gift-case","14":"product_tag-jewelry-box","15":"product_tag-magic-box","16":"product_tag-magic-case","17":"product_tag-mind-games","18":"product_tag-mind-puzzles","19":"product_tag-money-box","20":"product_tag-puzzle-box","21":"product_tag-secret-box","22":"product_tag-secret-case","23":"product_tag-secret-drawer","24":"product_tag-tricky-box","25":"product_tag-tricky-safe","26":"product_tag-wooden-puzzles","27":"product_tag-wooden-puzzles-for-adults","29":"first","30":"instock","31":"taxable","32":"shipping-taxable","33":"purchasable","34":"product-type-simple"},"jetpack_sharing_enabled":true,"_links":{"self":[{"href":"http:\/\/www.hugspil.is\/is\/wp-json\/wp\/v2\/product\/1344","targetHints":{"allow":["GET"]}}],"collection":[{"href":"http:\/\/www.hugspil.is\/is\/wp-json\/wp\/v2\/product"}],"about":[{"href":"http:\/\/www.hugspil.is\/is\/wp-json\/wp\/v2\/types\/product"}],"replies":[{"embeddable":true,"href":"http:\/\/www.hugspil.is\/is\/wp-json\/wp\/v2\/comments?post=1344"}],"wp:featuredmedia":[{"embeddable":true,"href":"http:\/\/www.hugspil.is\/is\/wp-json\/wp\/v2\/media\/1497"}],"wp:attachment":[{"href":"http:\/\/www.hugspil.is\/is\/wp-json\/wp\/v2\/media?parent=1344"}],"wp:term":[{"taxonomy":"product_brand","embeddable":true,"href":"http:\/\/www.hugspil.is\/is\/wp-json\/wp\/v2\/product_brand?post=1344"},{"taxonomy":"product_cat","embeddable":true,"href":"http:\/\/www.hugspil.is\/is\/wp-json\/wp\/v2\/product_cat?post=1344"},{"taxonomy":"product_tag","embeddable":true,"href":"http:\/\/www.hugspil.is\/is\/wp-json\/wp\/v2\/product_tag?post=1344"}],"curies":[{"name":"wp","href":"https:\/\/api.w.org\/{rel}","templated":true}]}}