{"id":1300,"date":"2026-03-22T16:11:08","date_gmt":"2026-03-22T16:11:08","guid":{"rendered":"https:\/\/www.hugspil.is\/?post_type=product&#038;p=1300"},"modified":"2026-03-29T17:14:27","modified_gmt":"2026-03-29T17:14:27","slug":"star-adventures-the-astrolabe-wooden-puzzles","status":"publish","type":"product","link":"http:\/\/www.hugspil.is\/is\/product\/star-adventures-the-astrolabe-wooden-puzzles\/","title":{"rendered":"STAR ADVENTURES \u2013 THE ASTROLABE"},"content":{"rendered":"<p><strong>Stj\u00f6rnu\u00e6vint\u00fdra\u00fe\u00e1ttara\u00f0ir<\/strong><\/p>\n<p><strong>Leiktu og l\u00e6r\u00f0u<\/strong> &#8211; inside you will find the puzzle + a booklet with curious information about the instrument you have purchased: history, exploration, curiosities, images.<\/p>\n<p><strong>Mission # 13 &#8211; THE ASTROLABE<\/strong><\/p>\n<p>It&#8217;s time to look at the stars!<\/p>\n<p><strong>2 MISSIONS IN 1<\/strong>:<\/p>\n<ul>\n<li>Rotate the discs to hide only the large white circles (Difficulty 4\/6 Very hard)<\/li>\n<li>Rotate discs to hide both large and small white circles (Difficulty 5\/6 Expert)<\/li>\n<\/ul>\n<p><strong>Vi\u00f0mi\u00f0<\/strong>: diam 12,5 x 2 cm \/ 4,9 x 0,8 inches.<\/p>\n<p><strong>Sk\u00f3gar<\/strong>: Maple d\u00e8cor, Weng\u00e9.<\/p>\n<p>Handcrafted in Germany with laser cutting and Plexiglas. Designer Siebenstein Spiele.<\/p>\n<p>&nbsp;<\/p>","protected":false},"excerpt":{"rendered":"<p>MISSION: rotate the 4 discs in a way to hide the white circles.<\/p>\n<p>&nbsp;<\/p>\n<p>DIFFICULTY:4\/6 Very hard.<\/p>","protected":false},"featured_media":1466,"comment_status":"open","ping_status":"closed","template":"","meta":{"_monsterinsights_skip_tracking":false,"_monsterinsights_sitenote_active":false,"_monsterinsights_sitenote_note":"","_monsterinsights_sitenote_category":0},"product_brand":[],"product_cat":[25],"product_tag":[142,153,185,143,146,147,140,139,150,154],"class_list":{"0":"post-1300","1":"product","2":"type-product","3":"status-publish","4":"has-post-thumbnail","6":"product_cat-wooden-puzzles","7":"product_tag-brain-teasers","8":"product_tag-brain-teasers-for-adults","9":"product_tag-brain-teasers-for-kids","10":"product_tag-brainteasers","11":"product_tag-educational-brain-teasers","12":"product_tag-educational-games","13":"product_tag-mind-games","14":"product_tag-mind-puzzles","15":"product_tag-wooden-puzzles","16":"product_tag-wooden-puzzles-for-adults","18":"first","19":"instock","20":"taxable","21":"shipping-taxable","22":"purchasable","23":"product-type-simple"},"jetpack_sharing_enabled":true,"_links":{"self":[{"href":"http:\/\/www.hugspil.is\/is\/wp-json\/wp\/v2\/product\/1300","targetHints":{"allow":["GET"]}}],"collection":[{"href":"http:\/\/www.hugspil.is\/is\/wp-json\/wp\/v2\/product"}],"about":[{"href":"http:\/\/www.hugspil.is\/is\/wp-json\/wp\/v2\/types\/product"}],"replies":[{"embeddable":true,"href":"http:\/\/www.hugspil.is\/is\/wp-json\/wp\/v2\/comments?post=1300"}],"wp:featuredmedia":[{"embeddable":true,"href":"http:\/\/www.hugspil.is\/is\/wp-json\/wp\/v2\/media\/1466"}],"wp:attachment":[{"href":"http:\/\/www.hugspil.is\/is\/wp-json\/wp\/v2\/media?parent=1300"}],"wp:term":[{"taxonomy":"product_brand","embeddable":true,"href":"http:\/\/www.hugspil.is\/is\/wp-json\/wp\/v2\/product_brand?post=1300"},{"taxonomy":"product_cat","embeddable":true,"href":"http:\/\/www.hugspil.is\/is\/wp-json\/wp\/v2\/product_cat?post=1300"},{"taxonomy":"product_tag","embeddable":true,"href":"http:\/\/www.hugspil.is\/is\/wp-json\/wp\/v2\/product_tag?post=1300"}],"curies":[{"name":"wp","href":"https:\/\/api.w.org\/{rel}","templated":true}]}}