{"id":1299,"date":"2026-03-22T16:11:08","date_gmt":"2026-03-22T16:11:08","guid":{"rendered":"https:\/\/www.hugspil.is\/?post_type=product&#038;p=1299"},"modified":"2026-03-31T06:27:35","modified_gmt":"2026-03-31T06:27:35","slug":"draugahusid-flottaherbergi-gatubox","status":"publish","type":"product","link":"http:\/\/www.hugspil.is\/is\/product\/the-house-of-dragon-escape-room-puzzle-box\/","title":{"rendered":"Drekans h\u00fasi\u00f0"},"content":{"rendered":"<p dir=\"auto\" data-rm-block-id=\"block-1\"><strong>Drekah\u00fasi\u00f0 \u2013 g\u00e1tubox fyrir fl\u00f3ttaherbergi<\/strong><\/p>\n<p dir=\"auto\" data-rm-block-id=\"block-2\">N\u00fdjasta fl\u00f3ttaherbergiskassinn fr\u00e1 EscapeWelt tekur \u00feig me\u00f0 \u00ed t\u00f6frandi \u00e6vint\u00fdri me\u00f0 heillandi austr\u00e6num bl\u00e6.<\/p>\n<p dir=\"auto\" data-rm-block-id=\"block-3\">F\u00ednlega handunni\u00f0 me\u00f0 n\u00e1kv\u00e6mlega h\u00f6nnu\u00f0um v\u00e9lb\u00fana\u00f0i hefur \u00feetta \u00feraut veri\u00f0 vandlega hanna\u00f0 af s\u00e9rfr\u00e6\u00f0ingum \u00ed r\u00f6kfr\u00e6\u00f0i og v\u00e9lr\u00e6num \u00e1skorunum.<\/p>\n<p dir=\"auto\" data-rm-block-id=\"block-4\">Leysa hvert skref til a\u00f0 afhj\u00fapa leyndard\u00f3minn sem falinn er \u00ed \u00feessu \u00fe\u00e9ttu, vasah\u00f3lfsst\u00f3ra g\u00e1tunni.<\/p>\n<p dir=\"auto\" data-rm-block-id=\"block-5\"><strong>\u00c1SKORUN:<\/strong> Finndu opnunarv\u00e9l H\u00fassins drekans.<\/p>\n<p dir=\"auto\" data-rm-block-id=\"block-6\"><strong>Erfi\u00f0leikastig:<\/strong> 5\/6.<\/p>\n<p dir=\"auto\" data-rm-block-id=\"block-7\"><strong>Me\u00f0allausnat\u00edmi:<\/strong> 1 klukkustund \u2013 1 \u00e1r.<\/p>\n<p dir=\"auto\" data-rm-block-id=\"block-8\"><strong>Vi\u00f0mi\u00f0:<\/strong> 12 \u00d7 13 \u00d7 12,2 cm<\/p>\n<p dir=\"auto\" data-rm-block-id=\"block-9\"><strong>Leyndur innri r\u00fdmi:<\/strong> 12 \u00d7 13 cm<\/p>\n<p dir=\"auto\" data-rm-block-id=\"block-10\">Ger\u00f0 alfari\u00f0 \u00far h\u00e1g\u00e6\u00f0a birkivi\u00f0i er House of Dragon umhverfisv\u00e6n vara. Vannlega vali\u00f0 hr\u00e1efni er n\u00e1kv\u00e6mlega skori\u00f0 og vandlega sett saman me\u00f0 h\u00f6ndum \u00ed \u00de\u00fdskalandi.<\/p>\n<p data-rm-block-id=\"block-11\"><img decoding=\"async\" src=\"https:\/\/www.logicagiochi.com\/pub\/media\/wysiwyg\/Pages\/gallery\/House-of-dragon-gif-video.gif\" alt=\"Draugadrauganna myndband\" data-original=\"https:\/\/www.logicagiochi.com\/pub\/media\/wysiwyg\/Pages\/gallery\/House-of-dragon-gif-video.gif\" \/><\/p>","protected":false},"excerpt":{"rendered":"<ul>\n<li>Finndu opnunarv\u00e9l H\u00fassins drekans.<\/li>\n<\/ul>","protected":false},"featured_media":1461,"comment_status":"open","ping_status":"closed","template":"","meta":{"_monsterinsights_skip_tracking":false,"_monsterinsights_sitenote_active":false,"_monsterinsights_sitenote_note":"","_monsterinsights_sitenote_category":0},"product_brand":[],"product_cat":[1139,25],"product_tag":[158,142,153,143,165,164,162,156,157,140,139,161,65,48,155,163,159,160,150,154],"class_list":{"0":"post-1299","1":"product","2":"type-product","3":"status-publish","4":"has-post-thumbnail","6":"product_cat-escape-box","7":"product_cat-wooden-puzzles","8":"product_tag-brain-teaser-box","9":"product_tag-brain-teasers","10":"product_tag-brain-teasers-for-adults","11":"product_tag-brainteasers","12":"product_tag-gift-box","13":"product_tag-gift-case","14":"product_tag-jewelry-box","15":"product_tag-magic-box","16":"product_tag-magic-case","17":"product_tag-mind-games","18":"product_tag-mind-puzzles","19":"product_tag-money-box","20":"product_tag-puzzle-box","21":"product_tag-secret-box","22":"product_tag-secret-case","23":"product_tag-secret-drawer","24":"product_tag-tricky-box","25":"product_tag-tricky-safe","26":"product_tag-wooden-puzzles","27":"product_tag-wooden-puzzles-for-adults","29":"first","30":"instock","31":"taxable","32":"shipping-taxable","33":"purchasable","34":"product-type-simple"},"jetpack_sharing_enabled":true,"_links":{"self":[{"href":"http:\/\/www.hugspil.is\/is\/wp-json\/wp\/v2\/product\/1299","targetHints":{"allow":["GET"]}}],"collection":[{"href":"http:\/\/www.hugspil.is\/is\/wp-json\/wp\/v2\/product"}],"about":[{"href":"http:\/\/www.hugspil.is\/is\/wp-json\/wp\/v2\/types\/product"}],"replies":[{"embeddable":true,"href":"http:\/\/www.hugspil.is\/is\/wp-json\/wp\/v2\/comments?post=1299"}],"wp:featuredmedia":[{"embeddable":true,"href":"http:\/\/www.hugspil.is\/is\/wp-json\/wp\/v2\/media\/1461"}],"wp:attachment":[{"href":"http:\/\/www.hugspil.is\/is\/wp-json\/wp\/v2\/media?parent=1299"}],"wp:term":[{"taxonomy":"product_brand","embeddable":true,"href":"http:\/\/www.hugspil.is\/is\/wp-json\/wp\/v2\/product_brand?post=1299"},{"taxonomy":"product_cat","embeddable":true,"href":"http:\/\/www.hugspil.is\/is\/wp-json\/wp\/v2\/product_cat?post=1299"},{"taxonomy":"product_tag","embeddable":true,"href":"http:\/\/www.hugspil.is\/is\/wp-json\/wp\/v2\/product_tag?post=1299"}],"curies":[{"name":"wp","href":"https:\/\/api.w.org\/{rel}","templated":true}]}}