{"id":1297,"date":"2026-03-22T16:11:08","date_gmt":"2026-03-22T16:11:08","guid":{"rendered":"https:\/\/www.hugspil.is\/?post_type=product&#038;p=1297"},"modified":"2026-03-30T14:49:31","modified_gmt":"2026-03-30T14:49:31","slug":"gummitremanns-hjartagatan","status":"publish","type":"product","link":"http:\/\/www.hugspil.is\/is\/product\/tin-woodmans-heart-puzzle\/","title":{"rendered":"Hjarta tinsm\u00far\u00f0arins"},"content":{"rendered":"<p>Upprunaleg gjafahugmynd fyrir fullor\u00f0na, sem einnig er notu\u00f0 sem umb\u00fa\u00f0 til a\u00f0 geyma eitthva\u00f0 d\u00fdrm\u00e6tt sem \u00e1 a\u00f0 gefa sem gj\u00f6f.<\/p>\n<p>L\u00edtil kassi me\u00f0 mj\u00f6g s\u00e9rsni\u00f0num l\u00e6singark\u00f3\u00f0a \u00ed hjartalaga.<\/p>\n<p>K\u00f3\u00f0inn samanstendur af \u00feremur or\u00f0um og \u00far \u00feeim valkostum sem \u00ed bo\u00f0i eru getur\u00f0u vali\u00f0 \u00fe\u00e1 samsetningu sem \u00fe\u00e9r hentar best. Haltu r\u00f3mant\u00edsku stemningunni og settu I LOVE YOU e\u00f0a TAKE MY HEART, e\u00f0a spila\u00f0u \u00e1 samkennd me\u00f0 skilabo\u00f0um eins og I LOVE BEER. \u00c1 hverri af \u00feremur g\u00edrsk\u00edfum eru \u00e1tta or\u00f0 og meira en fimmt\u00edu m\u00f6gulegar samsetningar.<\/p>\n<p>Or\u00f0 \u00ed fyrsta g\u00edr: <strong>I\/BE\/TAKE\/OPEN\/SAVE\/I\u2019M\/YOU\u2019RE\/FIND<\/strong><\/p>\n<p>Or\u00f0 \u00ed \u00f6\u00f0rum g\u00edr: <strong>LOVE\/SWEET\/MY\/YOUR\/WANT\/LUCKY\/HATE\/BEST<\/strong><\/p>\n<p>Or\u00f0 \u00ed \u00feri\u00f0ja g\u00edr: <strong>YOU\/HEART\/SEX\/JULIET\/BEER\/VEGGIE\/ROMEO\/PUZZLE<\/strong><\/p>\n<p>Varan er alfari\u00f0 handsett saman \u00far h\u00e1g\u00e6\u00f0a birkivi\u00f0i.<\/p>\n<p><strong>\u00c1SKORUN:<\/strong> Opna\u00f0u kassann<\/p>\n<p><strong>St\u00e6r\u00f0ir kassa:<\/strong> 7,8 x 7,6 x 3,8 cm<\/p>\n<p><strong>Innri v\u00edddir:<\/strong> 7 x 4 x 1,3 cm<\/p>\n<p>Handger\u00f0 \u00ed \u00de\u00fdskalandi<\/p>","protected":false},"excerpt":{"rendered":"<p>V\u00e9lr\u00e6nt kassi me\u00f0 k\u00f3\u00f0al\u00e6sing.<\/p>","protected":false},"featured_media":1451,"comment_status":"open","ping_status":"closed","template":"","meta":{"_monsterinsights_skip_tracking":false,"_monsterinsights_sitenote_active":false,"_monsterinsights_sitenote_note":"","_monsterinsights_sitenote_category":0},"product_brand":[],"product_cat":[25],"product_tag":[158,142,153,143,165,164,162,156,157,140,139,161,65,48,155,163,159,160,150,154],"class_list":{"0":"post-1297","1":"product","2":"type-product","3":"status-publish","4":"has-post-thumbnail","6":"product_cat-wooden-puzzles","7":"product_tag-brain-teaser-box","8":"product_tag-brain-teasers","9":"product_tag-brain-teasers-for-adults","10":"product_tag-brainteasers","11":"product_tag-gift-box","12":"product_tag-gift-case","13":"product_tag-jewelry-box","14":"product_tag-magic-box","15":"product_tag-magic-case","16":"product_tag-mind-games","17":"product_tag-mind-puzzles","18":"product_tag-money-box","19":"product_tag-puzzle-box","20":"product_tag-secret-box","21":"product_tag-secret-case","22":"product_tag-secret-drawer","23":"product_tag-tricky-box","24":"product_tag-tricky-safe","25":"product_tag-wooden-puzzles","26":"product_tag-wooden-puzzles-for-adults","28":"first","29":"instock","30":"taxable","31":"shipping-taxable","32":"purchasable","33":"product-type-simple"},"jetpack_sharing_enabled":true,"_links":{"self":[{"href":"http:\/\/www.hugspil.is\/is\/wp-json\/wp\/v2\/product\/1297","targetHints":{"allow":["GET"]}}],"collection":[{"href":"http:\/\/www.hugspil.is\/is\/wp-json\/wp\/v2\/product"}],"about":[{"href":"http:\/\/www.hugspil.is\/is\/wp-json\/wp\/v2\/types\/product"}],"replies":[{"embeddable":true,"href":"http:\/\/www.hugspil.is\/is\/wp-json\/wp\/v2\/comments?post=1297"}],"wp:featuredmedia":[{"embeddable":true,"href":"http:\/\/www.hugspil.is\/is\/wp-json\/wp\/v2\/media\/1451"}],"wp:attachment":[{"href":"http:\/\/www.hugspil.is\/is\/wp-json\/wp\/v2\/media?parent=1297"}],"wp:term":[{"taxonomy":"product_brand","embeddable":true,"href":"http:\/\/www.hugspil.is\/is\/wp-json\/wp\/v2\/product_brand?post=1297"},{"taxonomy":"product_cat","embeddable":true,"href":"http:\/\/www.hugspil.is\/is\/wp-json\/wp\/v2\/product_cat?post=1297"},{"taxonomy":"product_tag","embeddable":true,"href":"http:\/\/www.hugspil.is\/is\/wp-json\/wp\/v2\/product_tag?post=1297"}],"curies":[{"name":"wp","href":"https:\/\/api.w.org\/{rel}","templated":true}]}}