{"id":1296,"date":"2026-03-22T16:11:08","date_gmt":"2026-03-22T16:11:08","guid":{"rendered":"https:\/\/www.hugspil.is\/?post_type=product&#038;p=1296"},"modified":"2026-03-31T06:53:57","modified_gmt":"2026-03-31T06:53:57","slug":"stjornuaevintyrathattaradgerd-geimstod-gata","status":"publish","type":"product","link":"http:\/\/www.hugspil.is\/is\/product\/star-adventures-series-space-station-puzzle\/","title":{"rendered":"STAR ADVENTURES \u2013 SPACE STATION"},"content":{"rendered":"<p><strong>Stj\u00f6rnu\u00e6vint\u00fdra\u00fe\u00e1ttara\u00f0ir<\/strong><\/p>\n<p>Velkomin \u00e1 ISS, al\u00fej\u00f3\u00f0legu geimst\u00f6\u00f0ina: eitt af st\u00e6rstu verkum v\u00edsinda og verkfr\u00e6\u00f0i sem nokkru sinni hafa veri\u00f0 bygg\u00f0.<\/p>\n<p><strong>\u00c1SKORUN:<\/strong> F\u00e6r\u00f0u hlutana af geimst\u00f6\u00f0inni til a\u00f0 reyna a\u00f0 frelsa geimfarnana sem eru innandyra.<\/p>\n<p><strong>Erfi\u00f0leikastig:<\/strong> 5\/6. Me\u00f0allausnart\u00edmi: 1 m\u00e1nu\u00f0ur \u2013 1 \u00e1r<\/p>\n<p><strong>Vi\u00f0mi\u00f0: <\/strong>11,5 x 11,5 x 6 cm.<\/p>\n<p><strong>Inni:<\/strong> B\u00e6klingur me\u00f0 forvitnilegum uppl\u00fdsingum um reikistj\u00f6rnuna \/ himintungli\u00f0 sem \u00fe\u00fa hefur keypt \u2013 saga, k\u00f6nnun, forvitnileg atri\u00f0i, myndir.<\/p>\n<p>Pakka\u00f0 me\u00f0 kassa og pers\u00f3nulegu merkimi\u00f0a fr\u00e1<strong> Stj\u00f6rnu\u00e6vint\u00fdra\u00fe\u00e1ttara\u00f0ir.<\/strong><\/p>","protected":false},"excerpt":{"rendered":"<p><strong>\u00c1SKORUN:<\/strong> Climb aboard the station to try to free the astronauts inside.<\/p>","protected":false},"featured_media":1442,"comment_status":"open","ping_status":"closed","template":"","meta":{"_monsterinsights_skip_tracking":false,"_monsterinsights_sitenote_active":false,"_monsterinsights_sitenote_note":"","_monsterinsights_sitenote_category":0},"product_brand":[],"product_cat":[25],"product_tag":[158,142,153,143,165,164,162,156,157,140,139,161,65,48,155,163,159,160,150,154],"class_list":{"0":"post-1296","1":"product","2":"type-product","3":"status-publish","4":"has-post-thumbnail","6":"product_cat-wooden-puzzles","7":"product_tag-brain-teaser-box","8":"product_tag-brain-teasers","9":"product_tag-brain-teasers-for-adults","10":"product_tag-brainteasers","11":"product_tag-gift-box","12":"product_tag-gift-case","13":"product_tag-jewelry-box","14":"product_tag-magic-box","15":"product_tag-magic-case","16":"product_tag-mind-games","17":"product_tag-mind-puzzles","18":"product_tag-money-box","19":"product_tag-puzzle-box","20":"product_tag-secret-box","21":"product_tag-secret-case","22":"product_tag-secret-drawer","23":"product_tag-tricky-box","24":"product_tag-tricky-safe","25":"product_tag-wooden-puzzles","26":"product_tag-wooden-puzzles-for-adults","28":"first","29":"instock","30":"taxable","31":"shipping-taxable","32":"purchasable","33":"product-type-simple"},"jetpack_sharing_enabled":true,"_links":{"self":[{"href":"http:\/\/www.hugspil.is\/is\/wp-json\/wp\/v2\/product\/1296","targetHints":{"allow":["GET"]}}],"collection":[{"href":"http:\/\/www.hugspil.is\/is\/wp-json\/wp\/v2\/product"}],"about":[{"href":"http:\/\/www.hugspil.is\/is\/wp-json\/wp\/v2\/types\/product"}],"replies":[{"embeddable":true,"href":"http:\/\/www.hugspil.is\/is\/wp-json\/wp\/v2\/comments?post=1296"}],"wp:featuredmedia":[{"embeddable":true,"href":"http:\/\/www.hugspil.is\/is\/wp-json\/wp\/v2\/media\/1442"}],"wp:attachment":[{"href":"http:\/\/www.hugspil.is\/is\/wp-json\/wp\/v2\/media?parent=1296"}],"wp:term":[{"taxonomy":"product_brand","embeddable":true,"href":"http:\/\/www.hugspil.is\/is\/wp-json\/wp\/v2\/product_brand?post=1296"},{"taxonomy":"product_cat","embeddable":true,"href":"http:\/\/www.hugspil.is\/is\/wp-json\/wp\/v2\/product_cat?post=1296"},{"taxonomy":"product_tag","embeddable":true,"href":"http:\/\/www.hugspil.is\/is\/wp-json\/wp\/v2\/product_tag?post=1296"}],"curies":[{"name":"wp","href":"https:\/\/api.w.org\/{rel}","templated":true}]}}