{"id":1295,"date":"2026-03-22T16:11:08","date_gmt":"2026-03-22T16:11:08","guid":{"rendered":"https:\/\/www.hugspil.is\/?post_type=product&#038;p=1295"},"modified":"2026-03-30T14:56:52","modified_gmt":"2026-03-30T14:56:52","slug":"ad-opna-leyndarmal-i-camlot-gatunni","status":"publish","type":"product","link":"http:\/\/www.hugspil.is\/is\/product\/unlocking-secrets-in-the-trial-of-camelot-puzzle\/","title":{"rendered":"R\u00e9ttarh\u00f6ldin yfir Camelot"},"content":{"rendered":"<p dir=\"auto\">Go\u00f0s\u00f6gnin segir a\u00f0 konungur \u00c1rt\u00far og galdrama\u00f0urinn Merl\u00edn hafi kalla\u00f0 fram g\u00f6fuga riddara til a\u00f0 draga go\u00f0sagnakennda sver\u00f0i\u00f0 \u00far steininum til a\u00f0 \u00e1kve\u00f0a hver myndi leggja af sta\u00f0 \u00ed leit a\u00f0 hinum helga graali.<\/p>\n<p dir=\"auto\">\u00deetta snjalla \u00feraut \u00ed fl\u00f3ttaherberginu gefur \u00fe\u00e9r t\u00e6kif\u00e6ri til a\u00f0 sitja vi\u00f0 hina fr\u00e6gu hringbor\u00f0i\u00f0.<\/p>\n<p dir=\"auto\">Einst\u00f6k og eftirminnileg gj\u00f6f fyrir fullor\u00f0na, Excalibur-kassinn \u00fej\u00f3nar einnig sem gl\u00e6sileg umb\u00fa\u00f0 til a\u00f0 fela eitthva\u00f0 d\u00fdrm\u00e6tt inn \u00ed.<\/p>\n<p dir=\"auto\">Me\u00f0 m\u00f6rgum r\u00f6kr\u00e9ttum skrefum og v\u00e9lb\u00fana\u00f0i b\u00fd\u00f0ur \u00feetta gagnvirka \u00feraut \u00fe\u00e9r a\u00f0 leysa r\u00f6\u00f0 snjallra \u00e1skorana \u00e1\u00f0ur en kassi m\u00e1 opna. Allir v\u00e9lb\u00fana\u00f0ur byggja \u00e1 hreinni r\u00f6kfr\u00e6\u00f0i \u2014 ekkert er l\u00e1ti\u00f0 til tilviljunar.<\/p>\n<p dir=\"auto\">Kassinn er vandlega sm\u00ed\u00f0a\u00f0ur \u00far 174 n\u00e1kv\u00e6mlega laser-sni\u00f0num hlutum \u00far h\u00e1g\u00e6\u00f0a birkivi\u00f0i, settur saman alfari\u00f0 \u00e1n l\u00edms.<\/p>\n<p dir=\"auto\"><strong>\u00c1SKORUN:<\/strong> Opna\u00f0u kassann.<\/p>\n<p dir=\"auto\"><strong>Erfi\u00f0leikastig:<\/strong> 5\/6 <strong>Leikt\u00edmi:<\/strong> 60\u201390 m\u00edn\u00fatur<\/p>\n<p dir=\"auto\"><strong>Ytri v\u00edddir:<\/strong> 11 \u00d7 11 \u00d7 12 cm <strong>Innri v\u00edddir:<\/strong> 1,5 \u00d7 2,5 \u00d7 4,5 cm<\/p>\n<p dir=\"auto\">Handunni\u00f0 \u00ed \u00de\u00fdskalandi.<\/p>","protected":false},"excerpt":{"rendered":"<p>Opna\u00f0u kassann.<\/p>","protected":false},"featured_media":1427,"comment_status":"open","ping_status":"closed","template":"","meta":{"_monsterinsights_skip_tracking":false,"_monsterinsights_sitenote_active":false,"_monsterinsights_sitenote_note":"","_monsterinsights_sitenote_category":0},"product_brand":[],"product_cat":[25],"product_tag":[158,142,153,143,165,164,162,156,157,140,139,161,65,48,155,163,159,160,150,154],"class_list":{"0":"post-1295","1":"product","2":"type-product","3":"status-publish","4":"has-post-thumbnail","6":"product_cat-wooden-puzzles","7":"product_tag-brain-teaser-box","8":"product_tag-brain-teasers","9":"product_tag-brain-teasers-for-adults","10":"product_tag-brainteasers","11":"product_tag-gift-box","12":"product_tag-gift-case","13":"product_tag-jewelry-box","14":"product_tag-magic-box","15":"product_tag-magic-case","16":"product_tag-mind-games","17":"product_tag-mind-puzzles","18":"product_tag-money-box","19":"product_tag-puzzle-box","20":"product_tag-secret-box","21":"product_tag-secret-case","22":"product_tag-secret-drawer","23":"product_tag-tricky-box","24":"product_tag-tricky-safe","25":"product_tag-wooden-puzzles","26":"product_tag-wooden-puzzles-for-adults","28":"first","29":"instock","30":"taxable","31":"shipping-taxable","32":"purchasable","33":"product-type-simple"},"jetpack_sharing_enabled":true,"_links":{"self":[{"href":"http:\/\/www.hugspil.is\/is\/wp-json\/wp\/v2\/product\/1295","targetHints":{"allow":["GET"]}}],"collection":[{"href":"http:\/\/www.hugspil.is\/is\/wp-json\/wp\/v2\/product"}],"about":[{"href":"http:\/\/www.hugspil.is\/is\/wp-json\/wp\/v2\/types\/product"}],"replies":[{"embeddable":true,"href":"http:\/\/www.hugspil.is\/is\/wp-json\/wp\/v2\/comments?post=1295"}],"wp:featuredmedia":[{"embeddable":true,"href":"http:\/\/www.hugspil.is\/is\/wp-json\/wp\/v2\/media\/1427"}],"wp:attachment":[{"href":"http:\/\/www.hugspil.is\/is\/wp-json\/wp\/v2\/media?parent=1295"}],"wp:term":[{"taxonomy":"product_brand","embeddable":true,"href":"http:\/\/www.hugspil.is\/is\/wp-json\/wp\/v2\/product_brand?post=1295"},{"taxonomy":"product_cat","embeddable":true,"href":"http:\/\/www.hugspil.is\/is\/wp-json\/wp\/v2\/product_cat?post=1295"},{"taxonomy":"product_tag","embeddable":true,"href":"http:\/\/www.hugspil.is\/is\/wp-json\/wp\/v2\/product_tag?post=1295"}],"curies":[{"name":"wp","href":"https:\/\/api.w.org\/{rel}","templated":true}]}}