{"id":1294,"date":"2026-03-22T16:11:08","date_gmt":"2026-03-22T16:11:08","guid":{"rendered":"https:\/\/www.hugspil.is\/?post_type=product&#038;p=1294"},"modified":"2026-03-26T07:40:20","modified_gmt":"2026-03-26T07:40:20","slug":"evro-falle-08-myntgata","status":"publish","type":"product","link":"http:\/\/www.hugspil.is\/is\/product\/euro-falle-08-coin-puzzle\/","title":{"rendered":"Evr\u00f3pa Falle 08 myntg\u00e1ta"},"content":{"rendered":"<p><strong>\u00c1SKORUN: <\/strong>Leysi\u00f0 myntina \u00far haldi<\/p>\n<p>N\u00fdtt \u00feraut \u00far Eurofalle-ser\u00edunni til a\u00f0 b\u00e6ta vi\u00f0 safni\u00f0 \u00feitt.<\/p>\n<p><strong>Erfi\u00f0leikastig:<\/strong> 5\/6. Me\u00f0allausnart\u00edmi: 1 klst. \u2013 1 \u00e1r<\/p>\n<p><strong>Vi\u00f0mi\u00f0 leiksins<\/strong>: 12 x 7,5 x 4,5 cm \/ 4,7 x 2,9 x 1,7 tommur<\/p>\n<p>Ger\u00f0 \u00ed \u00de\u00fdskalandi me\u00f0 leysiskur\u00f0i \u00e1 vi\u00f0 og plex\u00edgleri af handverksmanninum og uppfinningamanninum Jurgen Reiche, Siebenstein Spiele<\/p>","protected":false},"excerpt":{"rendered":"<p>Leys\u00f0u myntina \u00far haldi.<\/p>","protected":false},"featured_media":1423,"comment_status":"open","ping_status":"closed","template":"","meta":{"_monsterinsights_skip_tracking":false,"_monsterinsights_sitenote_active":false,"_monsterinsights_sitenote_note":"","_monsterinsights_sitenote_category":0},"product_brand":[],"product_cat":[25],"product_tag":[142,153,143,140,139,150,154],"class_list":{"0":"post-1294","1":"product","2":"type-product","3":"status-publish","4":"has-post-thumbnail","6":"product_cat-wooden-puzzles","7":"product_tag-brain-teasers","8":"product_tag-brain-teasers-for-adults","9":"product_tag-brainteasers","10":"product_tag-mind-games","11":"product_tag-mind-puzzles","12":"product_tag-wooden-puzzles","13":"product_tag-wooden-puzzles-for-adults","15":"first","16":"instock","17":"taxable","18":"shipping-taxable","19":"purchasable","20":"product-type-simple"},"jetpack_sharing_enabled":true,"_links":{"self":[{"href":"http:\/\/www.hugspil.is\/is\/wp-json\/wp\/v2\/product\/1294","targetHints":{"allow":["GET"]}}],"collection":[{"href":"http:\/\/www.hugspil.is\/is\/wp-json\/wp\/v2\/product"}],"about":[{"href":"http:\/\/www.hugspil.is\/is\/wp-json\/wp\/v2\/types\/product"}],"replies":[{"embeddable":true,"href":"http:\/\/www.hugspil.is\/is\/wp-json\/wp\/v2\/comments?post=1294"}],"wp:featuredmedia":[{"embeddable":true,"href":"http:\/\/www.hugspil.is\/is\/wp-json\/wp\/v2\/media\/1423"}],"wp:attachment":[{"href":"http:\/\/www.hugspil.is\/is\/wp-json\/wp\/v2\/media?parent=1294"}],"wp:term":[{"taxonomy":"product_brand","embeddable":true,"href":"http:\/\/www.hugspil.is\/is\/wp-json\/wp\/v2\/product_brand?post=1294"},{"taxonomy":"product_cat","embeddable":true,"href":"http:\/\/www.hugspil.is\/is\/wp-json\/wp\/v2\/product_cat?post=1294"},{"taxonomy":"product_tag","embeddable":true,"href":"http:\/\/www.hugspil.is\/is\/wp-json\/wp\/v2\/product_tag?post=1294"}],"curies":[{"name":"wp","href":"https:\/\/api.w.org\/{rel}","templated":true}]}}