{"id":1293,"date":"2026-03-22T16:11:08","date_gmt":"2026-03-22T16:11:08","guid":{"rendered":"https:\/\/www.hugspil.is\/?post_type=product&#038;p=1293"},"modified":"2026-03-29T13:50:41","modified_gmt":"2026-03-29T13:50:41","slug":"kanna-spennuna-i-planet-box-gatunni","status":"publish","type":"product","link":"http:\/\/www.hugspil.is\/is\/product\/exploring-excitement-of-the-planet-box-puzzle\/","title":{"rendered":"PLANET BOX"},"content":{"rendered":"<p><strong>\u00c1SKORUN:<\/strong> Opna\u00f0u leyndard\u00f3mskassann!<\/p>\n<p>Mj\u00f6g fl\u00f3ki\u00f0 g\u00e1tur\u00e6\u00f0a sannarlega!<\/p>\n<p>R\u00edkulega skreytt kassi hefur n\u00edu pinnur \u00e1 efri hlutanum sem \u00fe\u00fa \u00fearft a\u00f0 reyna a\u00f0 f\u00e6ra.<\/p>\n<p><strong>Erfi\u00f0leikastig:<\/strong> 4\/6 Mj\u00f6g erfitt. Me\u00f0al leystingart\u00edmi: 30 m\u00edn\u00fatur \u2013 30 dagar.<\/p>\n<p><strong>Vi\u00f0mi\u00f0:<\/strong> 16,8 x 11,4 x 8,5 cm \/ 6,6 x 4,5 x 3,3 tommur.<\/p>\n<p>Handger\u00f0 \u00ed \u00de\u00fdskalandi \u00far h\u00e1g\u00e6\u00f0a vi\u00f0 af hinum fr\u00e6ga h\u00f6nnu\u00f0i Jean-Claude Constantin.<\/p>","protected":false},"excerpt":{"rendered":"<p>CHALLENGE: Open the secret box!<\/p>\n<p>DIFFICULTY: 4\/6 Very hard.<\/p>","protected":false},"featured_media":1418,"comment_status":"open","ping_status":"closed","template":"","meta":{"_monsterinsights_skip_tracking":false,"_monsterinsights_sitenote_active":false,"_monsterinsights_sitenote_note":"","_monsterinsights_sitenote_category":0},"product_brand":[],"product_cat":[25],"product_tag":[158,142,153,143,165,164,162,156,157,140,139,161,65,48,155,163,159,160,150,154],"class_list":{"0":"post-1293","1":"product","2":"type-product","3":"status-publish","4":"has-post-thumbnail","6":"product_cat-wooden-puzzles","7":"product_tag-brain-teaser-box","8":"product_tag-brain-teasers","9":"product_tag-brain-teasers-for-adults","10":"product_tag-brainteasers","11":"product_tag-gift-box","12":"product_tag-gift-case","13":"product_tag-jewelry-box","14":"product_tag-magic-box","15":"product_tag-magic-case","16":"product_tag-mind-games","17":"product_tag-mind-puzzles","18":"product_tag-money-box","19":"product_tag-puzzle-box","20":"product_tag-secret-box","21":"product_tag-secret-case","22":"product_tag-secret-drawer","23":"product_tag-tricky-box","24":"product_tag-tricky-safe","25":"product_tag-wooden-puzzles","26":"product_tag-wooden-puzzles-for-adults","28":"first","29":"instock","30":"taxable","31":"shipping-taxable","32":"purchasable","33":"product-type-simple"},"jetpack_sharing_enabled":true,"_links":{"self":[{"href":"http:\/\/www.hugspil.is\/is\/wp-json\/wp\/v2\/product\/1293","targetHints":{"allow":["GET"]}}],"collection":[{"href":"http:\/\/www.hugspil.is\/is\/wp-json\/wp\/v2\/product"}],"about":[{"href":"http:\/\/www.hugspil.is\/is\/wp-json\/wp\/v2\/types\/product"}],"replies":[{"embeddable":true,"href":"http:\/\/www.hugspil.is\/is\/wp-json\/wp\/v2\/comments?post=1293"}],"wp:featuredmedia":[{"embeddable":true,"href":"http:\/\/www.hugspil.is\/is\/wp-json\/wp\/v2\/media\/1418"}],"wp:attachment":[{"href":"http:\/\/www.hugspil.is\/is\/wp-json\/wp\/v2\/media?parent=1293"}],"wp:term":[{"taxonomy":"product_brand","embeddable":true,"href":"http:\/\/www.hugspil.is\/is\/wp-json\/wp\/v2\/product_brand?post=1293"},{"taxonomy":"product_cat","embeddable":true,"href":"http:\/\/www.hugspil.is\/is\/wp-json\/wp\/v2\/product_cat?post=1293"},{"taxonomy":"product_tag","embeddable":true,"href":"http:\/\/www.hugspil.is\/is\/wp-json\/wp\/v2\/product_tag?post=1293"}],"curies":[{"name":"wp","href":"https:\/\/api.w.org\/{rel}","templated":true}]}}