{"id":1292,"date":"2026-03-22T16:11:08","date_gmt":"2026-03-22T16:11:08","guid":{"rendered":"https:\/\/www.hugspil.is\/?post_type=product&#038;p=1292"},"modified":"2026-03-26T07:47:51","modified_gmt":"2026-03-26T07:47:51","slug":"hoffman-kassi","status":"publish","type":"product","link":"http:\/\/www.hugspil.is\/is\/product\/hoffman-cube\/","title":{"rendered":"HOFFMAN-K\u00daBAN"},"content":{"rendered":"<p dir=\"auto\" data-rm-block-id=\"block-1\"><strong>\u00d3tr\u00falega erfitt 3D teningag\u00e1tur<\/strong><\/p>\n<p dir=\"auto\" data-rm-block-id=\"block-2\"><strong>\u00c1SKORUN:<\/strong> Taki\u00f0 n\u00edu hlutana \u00ed sundur og setji\u00f0 \u00fe\u00e1 aftur saman \u00ed fullkominn ferning.<\/p>\n<p dir=\"auto\" data-rm-block-id=\"block-3\"><strong>Erfi\u00f0leikastig:<\/strong> 6\/6 <strong>Me\u00f0al leystingart\u00edmi:<\/strong> 1 klst \u2013 1 \u00e1r<\/p>\n<p dir=\"auto\" data-rm-block-id=\"block-4\"><strong>St\u00e6r\u00f0:<\/strong> 7 \u00d7 7 \u00d7 7 cm (2,76 \u00d7 2,76 \u00d7 2,76 tommur)<\/p>\n<p dir=\"auto\" data-rm-block-id=\"block-5\">Handunninn \u00far h\u00e1g\u00e6\u00f0a vi\u00f0i. N\u00e1tt\u00faruleg litamunur getur komi\u00f0 fyrir.<\/p>\n<p dir=\"auto\" data-rm-block-id=\"block-6\">Jean-Claude Constantin, sem b\u00fdr \u00ed \u00de\u00fdskalandi, er v\u00ed\u00f0a talinn einn af bestu \u00ferautah\u00f6nnu\u00f0um heimsins. Hann h\u00f6nnar og framlei\u00f0ir fj\u00f6lbreytt \u00farval fram\u00farskarandi vi\u00f0ar- og m\u00e1lm\u00ferauta, sn\u00f6gghandabrag\u00f0a og vitsmunalegra leikja.<\/p>","protected":false},"excerpt":{"rendered":"<p>Taki\u00f0 n\u00edu p\u00faslubitana \u00ed sundur og setji\u00f0 \u00fe\u00e1 aftur saman \u00ed tening.<\/p>","protected":false},"featured_media":1414,"comment_status":"open","ping_status":"closed","template":"","meta":{"_monsterinsights_skip_tracking":false,"_monsterinsights_sitenote_active":false,"_monsterinsights_sitenote_note":"","_monsterinsights_sitenote_category":0},"product_brand":[],"product_cat":[25],"product_tag":[210,209,211,208,142,143,139,150],"class_list":{"0":"post-1292","1":"product","2":"type-product","3":"status-publish","4":"has-post-thumbnail","6":"product_cat-wooden-puzzles","7":"product_tag-3d-brain-teasers","8":"product_tag-3d-mind-puzzles","9":"product_tag-3d-wooden-brain-teasers","10":"product_tag-3d-wooden-puzzles","11":"product_tag-brain-teasers","12":"product_tag-brainteasers","13":"product_tag-mind-puzzles","14":"product_tag-wooden-puzzles","16":"first","17":"instock","18":"taxable","19":"shipping-taxable","20":"purchasable","21":"product-type-simple"},"jetpack_sharing_enabled":true,"_links":{"self":[{"href":"http:\/\/www.hugspil.is\/is\/wp-json\/wp\/v2\/product\/1292","targetHints":{"allow":["GET"]}}],"collection":[{"href":"http:\/\/www.hugspil.is\/is\/wp-json\/wp\/v2\/product"}],"about":[{"href":"http:\/\/www.hugspil.is\/is\/wp-json\/wp\/v2\/types\/product"}],"replies":[{"embeddable":true,"href":"http:\/\/www.hugspil.is\/is\/wp-json\/wp\/v2\/comments?post=1292"}],"wp:featuredmedia":[{"embeddable":true,"href":"http:\/\/www.hugspil.is\/is\/wp-json\/wp\/v2\/media\/1414"}],"wp:attachment":[{"href":"http:\/\/www.hugspil.is\/is\/wp-json\/wp\/v2\/media?parent=1292"}],"wp:term":[{"taxonomy":"product_brand","embeddable":true,"href":"http:\/\/www.hugspil.is\/is\/wp-json\/wp\/v2\/product_brand?post=1292"},{"taxonomy":"product_cat","embeddable":true,"href":"http:\/\/www.hugspil.is\/is\/wp-json\/wp\/v2\/product_cat?post=1292"},{"taxonomy":"product_tag","embeddable":true,"href":"http:\/\/www.hugspil.is\/is\/wp-json\/wp\/v2\/product_tag?post=1292"}],"curies":[{"name":"wp","href":"https:\/\/api.w.org\/{rel}","templated":true}]}}