{"id":1289,"date":"2026-03-22T16:11:07","date_gmt":"2026-03-22T16:11:07","guid":{"rendered":"https:\/\/www.hugspil.is\/?post_type=product&#038;p=1289"},"modified":"2026-04-03T13:31:06","modified_gmt":"2026-04-03T13:31:06","slug":"griptu-musina-3d-thraut","status":"publish","type":"product","link":"http:\/\/www.hugspil.is\/is\/product\/catch-the-mouse-3d-puzzle\/","title":{"rendered":"Fangi\u00f0 m\u00fasina 3D P\u00fasl"},"content":{"rendered":"<div class=\"flex flex-col text-sm\">\n<section class=\"text-token-text-primary w-full focus:outline-none [--shadow-height:45px] has-data-writing-block:pointer-events-none has-data-writing-block:-mt-(--shadow-height) has-data-writing-block:pt-(--shadow-height) [&amp;:has([data-writing-block])&gt;*]:pointer-events-auto scroll-mt-[calc(var(--header-height)+min(200px,max(70px,20svh)))]\" dir=\"auto\" data-turn-id=\"request-WEB:a3d9b042-068a-4182-b260-99673dae8dba-0\" data-testid=\"conversation-turn-2\" data-scroll-anchor=\"true\" data-turn=\"assistant\">\n<div class=\"text-base my-auto mx-auto pb-10 [--thread-content-margin:var(--thread-content-margin-xs,calc(var(--spacing)*4))] @w-sm\/main:[--thread-content-margin:var(--thread-content-margin-sm,calc(var(--spacing)*6))] @w-lg\/main:[--thread-content-margin:var(--thread-content-margin-lg,calc(var(--spacing)*16))] px-(--thread-content-margin)\">\n<div class=\"[--thread-content-max-width:40rem] @w-lg\/main:[--thread-content-max-width:48rem] mx-auto max-w-(--thread-content-max-width) flex-1 group\/turn-messages focus-visible:outline-hidden relative flex w-full min-w-0 flex-col agent-turn\">\n<div class=\"flex max-w-full flex-col gap-4 grow\">\n<div class=\"min-h-8 text-message relative flex w-full flex-col items-end gap-2 text-start break-words whitespace-normal outline-none keyboard-focused:focus-ring [.text-message+&amp;]:mt-1\" dir=\"auto\" tabindex=\"0\" data-message-author-role=\"assistant\" data-message-id=\"941e3ea8-b47a-440e-963f-b583759e95ec\" data-message-model-slug=\"gpt-5-3\" data-turn-start-message=\"true\">\n<div class=\"flex w-full flex-col gap-1 empty:hidden\">\n<div class=\"markdown prose dark:prose-invert w-full wrap-break-word light markdown-new-styling\">\n<p data-start=\"0\" data-end=\"52\" data-is-last-node=\"\" data-is-only-node=\"\">Have fun building moving pieces of cat and mouse!<\/p>\n<\/div>\n<\/div>\n<\/div>\n<\/div>\n<\/div>\n<\/div>\n<\/section>\n<\/div>\n<p>When &#8220;ideas&#8221; are inspired by science, they amaze with their intuition and rationality, but when they arise from the imagination they can have something magical about them, something that goes beyond reality.<\/p>\n<p>&#8220;CATCH THE MOUSE&#8221; 3D puzzle is a set of 46 birch plywood elements.<\/p>\n<p><strong>Dimensions of the built set:<\/strong> 8 x 24 x 15 cm \/ 3 x 9.4 x 6 inches<\/p>\n<p><strong>Average construction time:<\/strong> 45 minutes<\/p>\n<p><strong>Box dimensions:<\/strong> 21 x 30 x 4.2 cm \/\u00a08.2 x 11.8 x 1.6 inches<\/p>\n<p>Made in Italy: conceived, designed and produced in Tuscany<\/p>\n","protected":false},"excerpt":{"rendered":"<p>&nbsp;<\/p>\n<ul>\n<li>\u00c1SKORUN: sm\u00ed\u00f0a\u00f0u k\u00f6ttinn og m\u00fasina me\u00f0 \u00feeim hlutum sem eru til sta\u00f0ar.<\/li>\n<\/ul>","protected":false},"featured_media":1404,"comment_status":"open","ping_status":"closed","template":"","meta":{"_monsterinsights_skip_tracking":false,"_monsterinsights_sitenote_active":false,"_monsterinsights_sitenote_note":"","_monsterinsights_sitenote_category":0},"product_brand":[],"product_cat":[28,1131,25],"product_tag":[142,153,143,140,139,213,150,154,212],"class_list":{"0":"post-1289","1":"product","2":"type-product","3":"status-publish","4":"has-post-thumbnail","6":"product_cat-3d-puzzles","7":"product_cat-other","8":"product_cat-wooden-puzzles","9":"product_tag-brain-teasers","10":"product_tag-brain-teasers-for-adults","11":"product_tag-brainteasers","12":"product_tag-mind-games","13":"product_tag-mind-puzzles","14":"product_tag-wooden-puzzle-gift-set","15":"product_tag-wooden-puzzles","16":"product_tag-wooden-puzzles-for-adults","17":"product_tag-wooden-puzzles-set","19":"first","20":"instock","21":"sale","22":"taxable","23":"shipping-taxable","24":"purchasable","25":"product-type-simple"},"jetpack_sharing_enabled":true,"_links":{"self":[{"href":"http:\/\/www.hugspil.is\/is\/wp-json\/wp\/v2\/product\/1289","targetHints":{"allow":["GET"]}}],"collection":[{"href":"http:\/\/www.hugspil.is\/is\/wp-json\/wp\/v2\/product"}],"about":[{"href":"http:\/\/www.hugspil.is\/is\/wp-json\/wp\/v2\/types\/product"}],"replies":[{"embeddable":true,"href":"http:\/\/www.hugspil.is\/is\/wp-json\/wp\/v2\/comments?post=1289"}],"wp:featuredmedia":[{"embeddable":true,"href":"http:\/\/www.hugspil.is\/is\/wp-json\/wp\/v2\/media\/1404"}],"wp:attachment":[{"href":"http:\/\/www.hugspil.is\/is\/wp-json\/wp\/v2\/media?parent=1289"}],"wp:term":[{"taxonomy":"product_brand","embeddable":true,"href":"http:\/\/www.hugspil.is\/is\/wp-json\/wp\/v2\/product_brand?post=1289"},{"taxonomy":"product_cat","embeddable":true,"href":"http:\/\/www.hugspil.is\/is\/wp-json\/wp\/v2\/product_cat?post=1289"},{"taxonomy":"product_tag","embeddable":true,"href":"http:\/\/www.hugspil.is\/is\/wp-json\/wp\/v2\/product_tag?post=1289"}],"curies":[{"name":"wp","href":"https:\/\/api.w.org\/{rel}","templated":true}]}}