{"id":1288,"date":"2026-03-22T16:11:07","date_gmt":"2026-03-22T16:11:07","guid":{"rendered":"https:\/\/www.hugspil.is\/?post_type=product&#038;p=1288"},"modified":"2026-04-03T13:29:55","modified_gmt":"2026-04-03T13:29:55","slug":"kanna-reynslu-af-3d-thraut-carlomartello","status":"publish","type":"product","link":"http:\/\/www.hugspil.is\/is\/product\/exploring-carlomartello-3d-puzzle-experience\/","title":{"rendered":"Carlomartello 3D P\u00fasl"},"content":{"rendered":"<p data-rm-block-id=\"block-1\">\u00c1stand: Skemmd kassa.<\/p>\n<p data-rm-block-id=\"block-1\">Skemmtu \u00fe\u00e9r vi\u00f0 a\u00f0 byggja hamarskallahai!<\/p>\n<p data-rm-block-id=\"block-2\">\u00deegar hugmyndir eru innbl\u00e1snar af v\u00edsindum, heilla \u00fe\u00e6r me\u00f0 inns\u00e6i og r\u00f6khyggju, en \u00feegar \u00fe\u00e6r spretta \u00far \u00edmyndunarafli geta \u00fe\u00e6r haft eitthva\u00f0 t\u00f6frandi um sig, eitthva\u00f0 sem fer \u00fat fyrir raunveruleikann.<\/p>\n<p data-rm-block-id=\"block-3\">CARLOMARTELLO 3D-g\u00e1tan er sett sem inniheldur 163 birkisp\u00f3narhluta.<\/p>\n<p data-rm-block-id=\"block-4\"><strong>St\u00e6r\u00f0ir bygg\u00f0a settsins:<\/strong> 28 x 24 x 12 cm.<\/p>\n<p data-rm-block-id=\"block-5\"><strong>Me\u00f0albyggingart\u00edmi:<\/strong> 90 m\u00edn\u00fatur.<\/p>\n<p data-rm-block-id=\"block-6\"><strong>St\u00e6r\u00f0ir kassa:<\/strong> 21 x 30 x 4,2 cm.<\/p>\n<p data-rm-block-id=\"block-7\">Ger\u00f0 \u00ed \u00cdtal\u00edu<strong>: <\/strong>hanna\u00f0, h\u00f6nnu\u00f0 og framleidd \u00ed Tosk\u00ednu.<\/p>","protected":false},"excerpt":{"rendered":"<p>&nbsp;<\/p>\n<ul>\n<li>\u00c1SKORUN: sm\u00ed\u00f0a\u00f0u hamarhausshai\u00f0 me\u00f0 \u00feeim hlutum sem gefnir eru.<\/li>\n<li>Sm\u00ed\u00f0art\u00edmi: ~ 90 m\u00edn\u00fatur.<\/li>\n<\/ul>","protected":false},"featured_media":1400,"comment_status":"open","ping_status":"closed","template":"","meta":{"_monsterinsights_skip_tracking":false,"_monsterinsights_sitenote_active":false,"_monsterinsights_sitenote_note":"","_monsterinsights_sitenote_category":0},"product_brand":[],"product_cat":[28,1131,25],"product_tag":[142,153,143,140,139,213,150,154,212],"class_list":{"0":"post-1288","1":"product","2":"type-product","3":"status-publish","4":"has-post-thumbnail","6":"product_cat-3d-puzzles","7":"product_cat-other","8":"product_cat-wooden-puzzles","9":"product_tag-brain-teasers","10":"product_tag-brain-teasers-for-adults","11":"product_tag-brainteasers","12":"product_tag-mind-games","13":"product_tag-mind-puzzles","14":"product_tag-wooden-puzzle-gift-set","15":"product_tag-wooden-puzzles","16":"product_tag-wooden-puzzles-for-adults","17":"product_tag-wooden-puzzles-set","19":"first","20":"instock","21":"sale","22":"taxable","23":"shipping-taxable","24":"purchasable","25":"product-type-simple"},"jetpack_sharing_enabled":true,"_links":{"self":[{"href":"http:\/\/www.hugspil.is\/is\/wp-json\/wp\/v2\/product\/1288","targetHints":{"allow":["GET"]}}],"collection":[{"href":"http:\/\/www.hugspil.is\/is\/wp-json\/wp\/v2\/product"}],"about":[{"href":"http:\/\/www.hugspil.is\/is\/wp-json\/wp\/v2\/types\/product"}],"replies":[{"embeddable":true,"href":"http:\/\/www.hugspil.is\/is\/wp-json\/wp\/v2\/comments?post=1288"}],"wp:featuredmedia":[{"embeddable":true,"href":"http:\/\/www.hugspil.is\/is\/wp-json\/wp\/v2\/media\/1400"}],"wp:attachment":[{"href":"http:\/\/www.hugspil.is\/is\/wp-json\/wp\/v2\/media?parent=1288"}],"wp:term":[{"taxonomy":"product_brand","embeddable":true,"href":"http:\/\/www.hugspil.is\/is\/wp-json\/wp\/v2\/product_brand?post=1288"},{"taxonomy":"product_cat","embeddable":true,"href":"http:\/\/www.hugspil.is\/is\/wp-json\/wp\/v2\/product_cat?post=1288"},{"taxonomy":"product_tag","embeddable":true,"href":"http:\/\/www.hugspil.is\/is\/wp-json\/wp\/v2\/product_tag?post=1288"}],"curies":[{"name":"wp","href":"https:\/\/api.w.org\/{rel}","templated":true}]}}