{"id":1287,"date":"2026-03-22T16:11:07","date_gmt":"2026-03-22T16:11:07","guid":{"rendered":"https:\/\/www.hugspil.is\/?post_type=product&#038;p=1287"},"modified":"2026-04-02T11:15:52","modified_gmt":"2026-04-02T11:15:52","slug":"kanna-flaekjur-40-stiga-gatunnar","status":"publish","type":"product","link":"http:\/\/www.hugspil.is\/is\/product\/exploring-the-intricacies-of-the-40-degress-puzzle\/","title":{"rendered":"40 gr\u00e1\u00f0ur"},"content":{"rendered":"<p>\u00c1skorun<strong>:<\/strong> B\u00fa\u00f0u til mismunandi myndir me\u00f0 p\u00faslub\u00fatunum.<\/p>\n<p>ERFI\u00d0LEIKI: 5\/6 S\u00e9rfr\u00e6\u00f0ingur.<\/p>\n<p>ST\u00c6\u00d0I LEIKSINS: 21 x 9,3 x 1 cm<\/p>\n<p>40 DEGRESS-g\u00e1tan er framleidd \u00ed \u00de\u00fdskalandi me\u00f0 leysiskur\u00f0i \u00e1 d\u00fdrm\u00e6tu vi\u00f0i og plex\u00edgleri af handverksm\u00f6nnum og uppfinningam\u00f6nnum \u2013 Jurgen Reiche, Siebenstein Spiele.<\/p>\n<p>\u00cd blisterpakkningar me\u00f0 litu\u00f0um \u00fatsk\u00fdringab\u00e6klingi. Lausnir fylgja ekki me\u00f0.<\/p>\n<p>V\u00edsa\u00f0 erfi\u00f0leikastig er hlutlegt og margt fer eftir undirb\u00faningi spilara.<\/p>","protected":false},"excerpt":{"rendered":"<p style=\"text-align: left;\">\u00c1SKORUN: B\u00fa\u00f0u til mismunandi myndir me\u00f0 p\u00faslub\u00fatunum.<\/p>\n<p>&nbsp;<\/p>\n<p style=\"text-align: left;\">Erfi\u00f0leikar: 5\/6 S\u00e9rfr\u00e6\u00f0ingur<\/p>","protected":false},"featured_media":1397,"comment_status":"open","ping_status":"closed","template":"","meta":{"_monsterinsights_skip_tracking":false,"_monsterinsights_sitenote_active":false,"_monsterinsights_sitenote_note":"","_monsterinsights_sitenote_category":0},"product_brand":[],"product_cat":[25],"product_tag":[142,153,143,140,139,150,154],"class_list":{"0":"post-1287","1":"product","2":"type-product","3":"status-publish","4":"has-post-thumbnail","6":"product_cat-wooden-puzzles","7":"product_tag-brain-teasers","8":"product_tag-brain-teasers-for-adults","9":"product_tag-brainteasers","10":"product_tag-mind-games","11":"product_tag-mind-puzzles","12":"product_tag-wooden-puzzles","13":"product_tag-wooden-puzzles-for-adults","15":"first","16":"instock","17":"taxable","18":"shipping-taxable","19":"purchasable","20":"product-type-simple"},"jetpack_sharing_enabled":true,"_links":{"self":[{"href":"http:\/\/www.hugspil.is\/is\/wp-json\/wp\/v2\/product\/1287","targetHints":{"allow":["GET"]}}],"collection":[{"href":"http:\/\/www.hugspil.is\/is\/wp-json\/wp\/v2\/product"}],"about":[{"href":"http:\/\/www.hugspil.is\/is\/wp-json\/wp\/v2\/types\/product"}],"replies":[{"embeddable":true,"href":"http:\/\/www.hugspil.is\/is\/wp-json\/wp\/v2\/comments?post=1287"}],"wp:featuredmedia":[{"embeddable":true,"href":"http:\/\/www.hugspil.is\/is\/wp-json\/wp\/v2\/media\/1397"}],"wp:attachment":[{"href":"http:\/\/www.hugspil.is\/is\/wp-json\/wp\/v2\/media?parent=1287"}],"wp:term":[{"taxonomy":"product_brand","embeddable":true,"href":"http:\/\/www.hugspil.is\/is\/wp-json\/wp\/v2\/product_brand?post=1287"},{"taxonomy":"product_cat","embeddable":true,"href":"http:\/\/www.hugspil.is\/is\/wp-json\/wp\/v2\/product_cat?post=1287"},{"taxonomy":"product_tag","embeddable":true,"href":"http:\/\/www.hugspil.is\/is\/wp-json\/wp\/v2\/product_tag?post=1287"}],"curies":[{"name":"wp","href":"https:\/\/api.w.org\/{rel}","templated":true}]}}