{"id":1286,"date":"2026-03-22T16:11:07","date_gmt":"2026-03-22T16:11:07","guid":{"rendered":"https:\/\/www.hugspil.is\/?post_type=product&#038;p=1286"},"modified":"2026-03-26T18:06:54","modified_gmt":"2026-03-26T18:06:54","slug":"cryptex-gjof","status":"publish","type":"product","link":"http:\/\/www.hugspil.is\/is\/product\/cryptex-gift\/","title":{"rendered":"CRYPTEX gj\u00f6f"},"content":{"rendered":"<p dir=\"auto\" data-rm-block-id=\"block-1\">Vi\u00f0 hl\u00f6kkum \u00f6ll til spennunnar sem felst \u00ed a\u00f0 gefa og f\u00e1 gjafir. Hvers vegna ekki a\u00f0 gera upplifunina enn eftirminnilegri og skemmtilegri?<\/p>\n<p dir=\"auto\" data-rm-block-id=\"block-2\">Me\u00f0 <strong>EscapeWelt Cryptex<\/strong>, \u00fe\u00fa getur gert n\u00e1kv\u00e6mlega \u00fea\u00f0.<\/p>\n<p dir=\"auto\" data-rm-block-id=\"block-3\">Settu gj\u00f6fina inn \u00ed Cryptex, stilltu pers\u00f3nulegan k\u00f3\u00f0a samkv\u00e6mt me\u00f0fylgjandi lei\u00f0beiningum og l\u00e6stu honum \u00f6rugglega.<\/p>\n<p dir=\"auto\" data-rm-block-id=\"block-4\">Spennan eykst \u00feegar \u00feeir reyna a\u00f0 opna gj\u00f6fina, sem b\u00e6tir vi\u00f0 aukalagi af skemmtun, \u00f3vissu og spennu \u00feegar gj\u00f6fin loksins opinberast.<\/p>\n<p dir=\"auto\" data-rm-block-id=\"block-5\">\u00d3l\u00edkt hef\u00f0bundinni gjafap\u00f6kkun e\u00f0a gjafakortum er Cryptex fullkomlega endurn\u00fdtanlegur \u2014 einfaldlega stilltu n\u00fdjan k\u00f3\u00f0a fyrir n\u00e6stu tilefni.<\/p>\n<p dir=\"auto\" data-rm-block-id=\"block-6\">Ger\u00f0 \u00far 228 n\u00e1kv\u00e6mlega skornum stykkjum af traustu birkivi\u00f0i, er \u00feetta gl\u00e6silega p\u00fasl endingargott og b\u00fd\u00f0ur upp \u00e1 \u00farvals, h\u00e1g\u00e6\u00f0a upplifun.<\/p>\n<p dir=\"auto\" data-rm-block-id=\"block-7\"><strong>Pakkinn inniheldur:<\/strong><\/p>\n<ul dir=\"auto\">\n<li data-rm-block-id=\"block-8\">1 Cryptex<\/li>\n<li data-rm-block-id=\"block-9\">Notendalei\u00f0beiningar<\/li>\n<li data-rm-block-id=\"block-10\">Gjafakort og lei\u00f0beiningar fyrir vi\u00f0takandann<\/li>\n<\/ul>\n<p dir=\"auto\" data-rm-block-id=\"block-11\"><strong>Leikt\u00edmi:<\/strong> 15\u201320 m\u00edn\u00fatur<\/p>\n<ul>\n<li>Cryptexinn er endurn\u00fdtanlegur \u00f3endanlega: stilltu bara n\u00fdjan lokak\u00f3\u00f0a.<\/li>\n<li>228 handunnin birkivi\u00f0arhlutir<\/li>\n<\/ul>\n<p dir=\"auto\" data-rm-block-id=\"block-12\"><strong>Vi\u00f0mi\u00f0:<\/strong> 20 \u00d7 10 \u00d7 10 cm (7,9 \u00d7 3,9 \u00d7 3,9 tommur) <strong>Innri h\u00f3lfsst\u00e6r\u00f0ir:<\/strong> 0,6 \u00d7 3,3 \u00d7 3,3 cm (0,2 \u00d7 1,3 \u00d7 1,3 tommur)<\/p>","protected":false},"excerpt":{"rendered":"<p>CHALLENGE: open the secret box!<\/p>\n<p>PLAYING TIME: ~ 15\u201320 minutes.<\/p>","protected":false},"featured_media":1382,"comment_status":"open","ping_status":"closed","template":"","meta":{"_monsterinsights_skip_tracking":false,"_monsterinsights_sitenote_active":false,"_monsterinsights_sitenote_note":"","_monsterinsights_sitenote_category":0},"product_brand":[],"product_cat":[25],"product_tag":[158,142,153,143,165,164,162,156,157,140,139,161,65,48,155,163,159,160,150,154],"class_list":{"0":"post-1286","1":"product","2":"type-product","3":"status-publish","4":"has-post-thumbnail","6":"product_cat-wooden-puzzles","7":"product_tag-brain-teaser-box","8":"product_tag-brain-teasers","9":"product_tag-brain-teasers-for-adults","10":"product_tag-brainteasers","11":"product_tag-gift-box","12":"product_tag-gift-case","13":"product_tag-jewelry-box","14":"product_tag-magic-box","15":"product_tag-magic-case","16":"product_tag-mind-games","17":"product_tag-mind-puzzles","18":"product_tag-money-box","19":"product_tag-puzzle-box","20":"product_tag-secret-box","21":"product_tag-secret-case","22":"product_tag-secret-drawer","23":"product_tag-tricky-box","24":"product_tag-tricky-safe","25":"product_tag-wooden-puzzles","26":"product_tag-wooden-puzzles-for-adults","28":"first","29":"instock","30":"taxable","31":"shipping-taxable","32":"purchasable","33":"product-type-simple"},"jetpack_sharing_enabled":true,"_links":{"self":[{"href":"http:\/\/www.hugspil.is\/is\/wp-json\/wp\/v2\/product\/1286","targetHints":{"allow":["GET"]}}],"collection":[{"href":"http:\/\/www.hugspil.is\/is\/wp-json\/wp\/v2\/product"}],"about":[{"href":"http:\/\/www.hugspil.is\/is\/wp-json\/wp\/v2\/types\/product"}],"replies":[{"embeddable":true,"href":"http:\/\/www.hugspil.is\/is\/wp-json\/wp\/v2\/comments?post=1286"}],"wp:featuredmedia":[{"embeddable":true,"href":"http:\/\/www.hugspil.is\/is\/wp-json\/wp\/v2\/media\/1382"}],"wp:attachment":[{"href":"http:\/\/www.hugspil.is\/is\/wp-json\/wp\/v2\/media?parent=1286"}],"wp:term":[{"taxonomy":"product_brand","embeddable":true,"href":"http:\/\/www.hugspil.is\/is\/wp-json\/wp\/v2\/product_brand?post=1286"},{"taxonomy":"product_cat","embeddable":true,"href":"http:\/\/www.hugspil.is\/is\/wp-json\/wp\/v2\/product_cat?post=1286"},{"taxonomy":"product_tag","embeddable":true,"href":"http:\/\/www.hugspil.is\/is\/wp-json\/wp\/v2\/product_tag?post=1286"}],"curies":[{"name":"wp","href":"https:\/\/api.w.org\/{rel}","templated":true}]}}