{"id":1285,"date":"2026-03-22T16:11:07","date_gmt":"2026-03-22T16:11:07","guid":{"rendered":"https:\/\/www.hugspil.is\/?post_type=product&#038;p=1285"},"modified":"2026-03-31T06:51:28","modified_gmt":"2026-03-31T06:51:28","slug":"star-adventures-vega","status":"publish","type":"product","link":"http:\/\/www.hugspil.is\/is\/product\/star-adventures-vega\/","title":{"rendered":"STAR ADVENTURES - VEGA"},"content":{"rendered":"<p dir=\"auto\"><strong>Stj\u00f6rnu\u00e6vint\u00fdra\u00fe\u00e1ttara\u00f0ir<\/strong> <strong>Mission #16 \u2013 Vega<\/strong><\/p>\n<p dir=\"auto\"><strong>\u00c1SKORUN:<\/strong> Discover the secret of the star Vega: open the hidden chest and reveal what lies inside.<\/p>\n<p dir=\"auto\"><strong>Erfi\u00f0leikastig:<\/strong> 6\/6 <strong>Me\u00f0al leystingart\u00edmi:<\/strong> 1 hour \u2013 a lifetime<\/p>\n<p dir=\"auto\"><strong>Vi\u00f0mi\u00f0:<\/strong> 10 \u00d7 10 \u00d7 10 cm<\/p>\n<p dir=\"auto\"><strong>Inside the chest:<\/strong> A beautifully illustrated booklet filled with fascinating information about Vega \u2014 its history, scientific exploration, interesting facts, and stunning images.<\/p>","protected":false},"excerpt":{"rendered":"<p><strong>\u00c1SKORUN: <\/strong>open the secret box.<\/p>","protected":false},"featured_media":1375,"comment_status":"open","ping_status":"closed","template":"","meta":{"_monsterinsights_skip_tracking":false,"_monsterinsights_sitenote_active":false,"_monsterinsights_sitenote_note":"","_monsterinsights_sitenote_category":0},"product_brand":[],"product_cat":[25],"product_tag":[158,142,153,143,165,164,162,156,157,140,139,161,65,48,155,163,159,160,150,154],"class_list":{"0":"post-1285","1":"product","2":"type-product","3":"status-publish","4":"has-post-thumbnail","6":"product_cat-wooden-puzzles","7":"product_tag-brain-teaser-box","8":"product_tag-brain-teasers","9":"product_tag-brain-teasers-for-adults","10":"product_tag-brainteasers","11":"product_tag-gift-box","12":"product_tag-gift-case","13":"product_tag-jewelry-box","14":"product_tag-magic-box","15":"product_tag-magic-case","16":"product_tag-mind-games","17":"product_tag-mind-puzzles","18":"product_tag-money-box","19":"product_tag-puzzle-box","20":"product_tag-secret-box","21":"product_tag-secret-case","22":"product_tag-secret-drawer","23":"product_tag-tricky-box","24":"product_tag-tricky-safe","25":"product_tag-wooden-puzzles","26":"product_tag-wooden-puzzles-for-adults","28":"first","29":"instock","30":"taxable","31":"shipping-taxable","32":"purchasable","33":"product-type-simple"},"jetpack_sharing_enabled":true,"_links":{"self":[{"href":"http:\/\/www.hugspil.is\/is\/wp-json\/wp\/v2\/product\/1285","targetHints":{"allow":["GET"]}}],"collection":[{"href":"http:\/\/www.hugspil.is\/is\/wp-json\/wp\/v2\/product"}],"about":[{"href":"http:\/\/www.hugspil.is\/is\/wp-json\/wp\/v2\/types\/product"}],"replies":[{"embeddable":true,"href":"http:\/\/www.hugspil.is\/is\/wp-json\/wp\/v2\/comments?post=1285"}],"wp:featuredmedia":[{"embeddable":true,"href":"http:\/\/www.hugspil.is\/is\/wp-json\/wp\/v2\/media\/1375"}],"wp:attachment":[{"href":"http:\/\/www.hugspil.is\/is\/wp-json\/wp\/v2\/media?parent=1285"}],"wp:term":[{"taxonomy":"product_brand","embeddable":true,"href":"http:\/\/www.hugspil.is\/is\/wp-json\/wp\/v2\/product_brand?post=1285"},{"taxonomy":"product_cat","embeddable":true,"href":"http:\/\/www.hugspil.is\/is\/wp-json\/wp\/v2\/product_cat?post=1285"},{"taxonomy":"product_tag","embeddable":true,"href":"http:\/\/www.hugspil.is\/is\/wp-json\/wp\/v2\/product_tag?post=1285"}],"curies":[{"name":"wp","href":"https:\/\/api.w.org\/{rel}","templated":true}]}}