{"id":1283,"date":"2026-03-22T16:11:07","date_gmt":"2026-03-22T16:11:07","guid":{"rendered":"https:\/\/www.hugspil.is\/?post_type=product&#038;p=1283"},"modified":"2026-03-26T07:44:30","modified_gmt":"2026-03-26T07:44:30","slug":"gjafasett-af-thremur-rompicapo-grandimenti-3d-vidargatum-fyrir-snjallan-huga","status":"publish","type":"product","link":"http:\/\/www.hugspil.is\/is\/product\/great-minds-set-of-3-rompicapo-grandimenti-3d-wooden-puzzles-gift\/","title":{"rendered":"Fr\u00e1b\u00e6rar hugur \u2013 sett af 3 \u00ferautum"},"content":{"rendered":"<p><strong>Fallegt sett af \u00feremur mismunandi \u00ferautum \u00far Great Minds-ser\u00edunni.<\/strong><br \/>\nEinnig fullkomi\u00f0 sem gjafahugmynd!<br \/>\n<strong>\u00c1SKORUN:<\/strong> Taki\u00f0 p\u00faslana \u00ed sundur og setji\u00f0 \u00fe\u00e1 aftur saman eins og \u00feeir voru \u00ed upphaflegu st\u00f6\u00f0u.<\/p>\n<p><strong>Pakkinn inniheldur:<\/strong><\/p>\n<p><strong>Planetag\u00e1ta Keplers<\/strong><br \/>\nFramtungur pers\u00f3na \u00ed v\u00edsindabyltingunni \u00e1 17. \u00f6ld, Kepler birti l\u00f6gm\u00e1l hreyfingar reikistjarnanna \u00e1ri\u00f0 1609. Hann gegndi lykilhlutverki vi\u00f0 a\u00f0 afsanna langvarandi sko\u00f0un \u00e1 \u00fev\u00ed a\u00f0 s\u00f3lin gengi \u00ed kringum j\u00f6r\u00f0ina.<\/p>\n<p><strong>Hn\u00f6ttur Galile\u00f3s<\/strong><br \/>\n\u00c1hrifamikill stj\u00f6rnufr\u00e6\u00f0ingur, Galileo, nota\u00f0i fr\u00e6gt sj\u00f3naukann til a\u00f0 gera himneskar athuganir sem a\u00f0 lokum breyttu skilningi okkar \u00e1 alheiminum. Hann sag\u00f0i a\u00f0 j\u00f6r\u00f0in v\u00e6ri ekki mi\u00f0ja alheimsins heldur, \u00fevert \u00e1 m\u00f3ti, a\u00f0 h\u00fan og allar a\u00f0rar reikistj\u00f6rnur sn\u00faast um s\u00f3lina.<\/p>\n<p><strong>Halley-kometinn<\/strong><br \/>\nHalley var\u00f0 yngsti me\u00f0limur Royal Society \u00feegar hann var 22 \u00e1ra. Hann er best \u00feekktur fyrir a\u00f0 hafa reikna\u00f0 braut halastj\u00f6rnunnar, sem n\u00fa er k\u00f6llu\u00f0 Halley-halastjarnan, og s\u00e9st fr\u00e1 j\u00f6r\u00f0u a\u00f0eins \u00e1 75\u201376 \u00e1ra fresti. Birting hennar hefur veri\u00f0 skr\u00e1\u00f0 allt fr\u00e1 \u00e1rinu 240 f.Kr. og h\u00fan kemur einnig fram \u00ed Bayeux-teppinu, sem var b\u00fai\u00f0 til sk\u00f6mmu eftir 1066.<\/p>\n<p><strong>Erfi\u00f0leikastig:<\/strong> 4\/6. Me\u00f0allausnart\u00edmi: 30 m\u00edn\u00fatur \u2013 30 dagar*<br \/>\n<strong>St\u00e6r\u00f0ir \u00ferautarinnar:<\/strong> 8,5 x 25 x 9,5 cm \/ 3,3 x 9,8 x 3,7 tommur<\/p>\n<p>Lausnart\u00edmar og erfi\u00f0leikastig eru hugl\u00e6g. Miki\u00f0 mun r\u00e1\u00f0ast af h\u00e6fileikum hvers og eins spilara.<\/p>","protected":false},"excerpt":{"rendered":"<p>&nbsp;<\/p>\n<p>Taka 3D-g\u00e1tur \u00ed sundur og setja \u00fe\u00e6r saman aftur.<\/p>","protected":false},"featured_media":1368,"comment_status":"open","ping_status":"closed","template":"","meta":{"_monsterinsights_skip_tracking":false,"_monsterinsights_sitenote_active":false,"_monsterinsights_sitenote_note":"","_monsterinsights_sitenote_category":0},"product_brand":[],"product_cat":[25],"product_tag":[210,209,211,208,142,143,235,236,139,150,154,184],"class_list":{"0":"post-1283","1":"product","2":"type-product","3":"status-publish","4":"has-post-thumbnail","6":"product_cat-wooden-puzzles","7":"product_tag-3d-brain-teasers","8":"product_tag-3d-mind-puzzles","9":"product_tag-3d-wooden-brain-teasers","10":"product_tag-3d-wooden-puzzles","11":"product_tag-brain-teasers","12":"product_tag-brainteasers","13":"product_tag-educational-puzzles","14":"product_tag-educational-puzzles-for-kids","15":"product_tag-mind-puzzles","16":"product_tag-wooden-puzzles","17":"product_tag-wooden-puzzles-for-adults","18":"product_tag-wooden-puzzles-for-kids","20":"first","21":"instock","22":"taxable","23":"shipping-taxable","24":"purchasable","25":"product-type-simple"},"jetpack_sharing_enabled":true,"_links":{"self":[{"href":"http:\/\/www.hugspil.is\/is\/wp-json\/wp\/v2\/product\/1283","targetHints":{"allow":["GET"]}}],"collection":[{"href":"http:\/\/www.hugspil.is\/is\/wp-json\/wp\/v2\/product"}],"about":[{"href":"http:\/\/www.hugspil.is\/is\/wp-json\/wp\/v2\/types\/product"}],"replies":[{"embeddable":true,"href":"http:\/\/www.hugspil.is\/is\/wp-json\/wp\/v2\/comments?post=1283"}],"wp:featuredmedia":[{"embeddable":true,"href":"http:\/\/www.hugspil.is\/is\/wp-json\/wp\/v2\/media\/1368"}],"wp:attachment":[{"href":"http:\/\/www.hugspil.is\/is\/wp-json\/wp\/v2\/media?parent=1283"}],"wp:term":[{"taxonomy":"product_brand","embeddable":true,"href":"http:\/\/www.hugspil.is\/is\/wp-json\/wp\/v2\/product_brand?post=1283"},{"taxonomy":"product_cat","embeddable":true,"href":"http:\/\/www.hugspil.is\/is\/wp-json\/wp\/v2\/product_cat?post=1283"},{"taxonomy":"product_tag","embeddable":true,"href":"http:\/\/www.hugspil.is\/is\/wp-json\/wp\/v2\/product_tag?post=1283"}],"curies":[{"name":"wp","href":"https:\/\/api.w.org\/{rel}","templated":true}]}}