{"id":1280,"date":"2026-03-22T16:11:07","date_gmt":"2026-03-22T16:11:07","guid":{"rendered":"https:\/\/www.hugspil.is\/?post_type=product&#038;p=1280"},"modified":"2026-03-29T13:42:12","modified_gmt":"2026-03-29T13:42:12","slug":"laesa-upp-leyndarmal-odysseifaraevintyri-leit-gata","status":"publish","type":"product","link":"http:\/\/www.hugspil.is\/is\/product\/unlock-secrets-odysseys-quest-puzzle\/","title":{"rendered":"Leitin a\u00f0 Odysseifi"},"content":{"rendered":"<p>Fl\u00f3ki\u00f0 v\u00f6lundarh\u00fas undirskrifa\u00f0 af Jean-Claude Constantin \u00ed fallegum umb\u00fa\u00f0um Recent Toys.<\/p>\n<p><strong>\u00c1skorun<\/strong>Munt \u00fe\u00fa geta dregi\u00f0 \u00fat b\u00e1\u00f0ar \u00ferep v\u00f6lundarh\u00fassins og sett \u00feau aftur eins og \u00e1\u00f0ur?<br \/>\n<strong>Erfi\u00f0leikastig: <\/strong>4\/6 Mj\u00f6g erfitt. Me\u00f0allausnart\u00edmi: 20 m\u00edn\u00fatur \u2013 1 vika.<br \/>\nGer\u00f0 \u00far h\u00e1g\u00e6\u00f0a vi\u00f0i og plex\u00edgleri.<br \/>\nSt\u00e6r\u00f0ir kassa: 23 x 9 x 3 cm \/ 9 x 3,5 x 1,2 tommur.<\/p>\n<p>Erfi\u00f0leikastig og leystingart\u00edmar eru til vi\u00f0mi\u00f0unar. Miki\u00f0 fer eftir hverjum spilara.<\/p>","protected":false},"excerpt":{"rendered":"<p>&nbsp;<\/p>\n<p>CHALLENGE: will you be able to extract both levels of the maze and put them back as before?<\/p>\n<p><b>DIFFICULTY:<\/b> 4\/6 Mj\u00f6g erfitt.<\/p>\n<p>&nbsp;<\/p>","protected":false},"featured_media":1354,"comment_status":"open","ping_status":"closed","template":"","meta":{"_monsterinsights_skip_tracking":false,"_monsterinsights_sitenote_active":false,"_monsterinsights_sitenote_note":"","_monsterinsights_sitenote_category":0},"product_brand":[],"product_cat":[25],"product_tag":[142,153,143,234,140,139,150,154],"class_list":{"0":"post-1280","1":"product","2":"type-product","3":"status-publish","4":"has-post-thumbnail","6":"product_cat-wooden-puzzles","7":"product_tag-brain-teasers","8":"product_tag-brain-teasers-for-adults","9":"product_tag-brainteasers","10":"product_tag-labyrinth-puzzle","11":"product_tag-mind-games","12":"product_tag-mind-puzzles","13":"product_tag-wooden-puzzles","14":"product_tag-wooden-puzzles-for-adults","16":"first","17":"instock","18":"taxable","19":"shipping-taxable","20":"purchasable","21":"product-type-simple"},"jetpack_sharing_enabled":true,"_links":{"self":[{"href":"http:\/\/www.hugspil.is\/is\/wp-json\/wp\/v2\/product\/1280","targetHints":{"allow":["GET"]}}],"collection":[{"href":"http:\/\/www.hugspil.is\/is\/wp-json\/wp\/v2\/product"}],"about":[{"href":"http:\/\/www.hugspil.is\/is\/wp-json\/wp\/v2\/types\/product"}],"replies":[{"embeddable":true,"href":"http:\/\/www.hugspil.is\/is\/wp-json\/wp\/v2\/comments?post=1280"}],"wp:featuredmedia":[{"embeddable":true,"href":"http:\/\/www.hugspil.is\/is\/wp-json\/wp\/v2\/media\/1354"}],"wp:attachment":[{"href":"http:\/\/www.hugspil.is\/is\/wp-json\/wp\/v2\/media?parent=1280"}],"wp:term":[{"taxonomy":"product_brand","embeddable":true,"href":"http:\/\/www.hugspil.is\/is\/wp-json\/wp\/v2\/product_brand?post=1280"},{"taxonomy":"product_cat","embeddable":true,"href":"http:\/\/www.hugspil.is\/is\/wp-json\/wp\/v2\/product_cat?post=1280"},{"taxonomy":"product_tag","embeddable":true,"href":"http:\/\/www.hugspil.is\/is\/wp-json\/wp\/v2\/product_tag?post=1280"}],"curies":[{"name":"wp","href":"https:\/\/api.w.org\/{rel}","templated":true}]}}