{"id":1279,"date":"2026-03-22T16:11:07","date_gmt":"2026-03-22T16:11:07","guid":{"rendered":"https:\/\/www.hugspil.is\/?post_type=product&#038;p=1279"},"modified":"2026-03-29T12:56:05","modified_gmt":"2026-03-29T12:56:05","slug":"kanna-jcs-lasgatuna","status":"publish","type":"product","link":"http:\/\/www.hugspil.is\/is\/product\/exploring-jcs-lock-puzzle\/","title":{"rendered":"L\u00e6sing JC"},"content":{"rendered":"<p data-rm-block-id=\"block-1\">Fl\u00f3ki\u00f0 hengil\u00e1s fr\u00e1 Jean-Claude Constantin (JC'S LOCK) \u00ed fallegum umb\u00fa\u00f0um Recent Toys.<\/p>\n<p data-rm-block-id=\"block-2\"><strong>\u00c1SKORUN: <\/strong>Leysa v\u00f6lundarh\u00fasi\u00f0 til a\u00f0 opna l\u00e6singuna.<br \/>\nEngar s\u00e9rlyklar ver\u00f0a nau\u00f0synlegir, bara fr\u00e1b\u00e6r hugmynd e\u00f0a margar, margar tilraunir!<br \/>\n<strong>Erfi\u00f0leikastig:<\/strong> 4\/6 Mj\u00f6g erfitt.  Me\u00f0allausnart\u00edmi: 20 m\u00edn\u00fatur \u2013 1 vika<\/p>\n<p data-rm-block-id=\"block-3\">Ger\u00f0 \u00far h\u00e1g\u00e6\u00f0a vi\u00f0i og plex\u00edgleri.<br \/>\nSt\u00e6r\u00f0ir kassa: 18 x 12 x 2,5 cm \/ 7 x 4,7 x 1 tommur.<\/p>\n<p data-rm-block-id=\"block-4\">Erfi\u00f0leikastig og lausnart\u00edmi eru til vi\u00f0mi\u00f0unar. Miki\u00f0 mun r\u00e1\u00f0ast af f\u00e6rni hvers og eins spilara.<\/p>","protected":false},"excerpt":{"rendered":"<p>&nbsp;<\/p>\n<ul>\n<li>CHALLENGE: Solve the maze to open the lock.<\/li>\n<li>ERFI\u00d0LEIKI: 4\/6 M\u00d6GUGGT ERFI\u00d0T.<\/li>\n<\/ul>","protected":false},"featured_media":1349,"comment_status":"open","ping_status":"closed","template":"","meta":{"_monsterinsights_skip_tracking":false,"_monsterinsights_sitenote_active":false,"_monsterinsights_sitenote_note":"","_monsterinsights_sitenote_category":0},"product_brand":[],"product_cat":[25],"product_tag":[142,153,143,140,139,232,177,150,154],"class_list":{"0":"post-1279","1":"product","2":"type-product","3":"status-publish","4":"has-post-thumbnail","6":"product_cat-wooden-puzzles","7":"product_tag-brain-teasers","8":"product_tag-brain-teasers-for-adults","9":"product_tag-brainteasers","10":"product_tag-mind-games","11":"product_tag-mind-puzzles","12":"product_tag-padlock-brain-teaser","13":"product_tag-secret-padlock","14":"product_tag-wooden-puzzles","15":"product_tag-wooden-puzzles-for-adults","17":"first","18":"instock","19":"taxable","20":"shipping-taxable","21":"purchasable","22":"product-type-simple"},"jetpack_sharing_enabled":true,"_links":{"self":[{"href":"http:\/\/www.hugspil.is\/is\/wp-json\/wp\/v2\/product\/1279","targetHints":{"allow":["GET"]}}],"collection":[{"href":"http:\/\/www.hugspil.is\/is\/wp-json\/wp\/v2\/product"}],"about":[{"href":"http:\/\/www.hugspil.is\/is\/wp-json\/wp\/v2\/types\/product"}],"replies":[{"embeddable":true,"href":"http:\/\/www.hugspil.is\/is\/wp-json\/wp\/v2\/comments?post=1279"}],"wp:featuredmedia":[{"embeddable":true,"href":"http:\/\/www.hugspil.is\/is\/wp-json\/wp\/v2\/media\/1349"}],"wp:attachment":[{"href":"http:\/\/www.hugspil.is\/is\/wp-json\/wp\/v2\/media?parent=1279"}],"wp:term":[{"taxonomy":"product_brand","embeddable":true,"href":"http:\/\/www.hugspil.is\/is\/wp-json\/wp\/v2\/product_brand?post=1279"},{"taxonomy":"product_cat","embeddable":true,"href":"http:\/\/www.hugspil.is\/is\/wp-json\/wp\/v2\/product_cat?post=1279"},{"taxonomy":"product_tag","embeddable":true,"href":"http:\/\/www.hugspil.is\/is\/wp-json\/wp\/v2\/product_tag?post=1279"}],"curies":[{"name":"wp","href":"https:\/\/api.w.org\/{rel}","templated":true}]}}