{"id":1278,"date":"2026-03-22T16:11:07","date_gmt":"2026-03-22T16:11:07","guid":{"rendered":"https:\/\/www.hugspil.is\/?post_type=product&#038;p=1278"},"modified":"2026-03-29T13:08:06","modified_gmt":"2026-03-29T13:08:06","slug":"matarkassagatan-matarkassagatan","status":"publish","type":"product","link":"http:\/\/www.hugspil.is\/is\/product\/lunch-box-puzzle-lunch-box-puzzle\/","title":{"rendered":"H\u00e1degismaturskassi"},"content":{"rendered":"<p>Fr\u00e1b\u00e6r h\u00e1degismaturskassi eftir Jean-Claude Constantin me\u00f0 \u00f3tr\u00falega erfi\u00f0u lausn.<br \/>\nLok kassans er renniholtr \u00far vi\u00f0 sem sn\u00fdr aftur \u00ed upphafsst\u00f6\u00f0u \u00feegar k\u00f3\u00f0inn hefur veri\u00f0 leystur og hinu faldnu hlutunum hefur veri\u00f0 hreyft.<\/p>\n<p><strong>Vi\u00f0mi\u00f0<\/strong>: 24 x 16 x 20 cm \/ 10 x 6,7 x 8,2 tommur<br \/>\nHandunni\u00f0 af Jean-Claude Constantin.<\/p>\n<p>Jean-Claude Constantin er skapandi snillingur sem hefur hanna\u00f0 og sm\u00ed\u00f0a\u00f0 \u00fdmsar vitsmunav\u00e9lur og jugglunar\u00adleiki \u00far vi\u00f0 og m\u00e1lmi s\u00ed\u00f0an 1994. Hann er talinn einn fr\u00e6gasti h\u00f6nnu\u00f0ur vitsmunav\u00e9la \u00ed heiminum. Uppfinningar hans eru \u00fe\u00fasundir og \u00fe\u00e6r eru mj\u00f6g eftirs\u00f3ttar af a\u00f0d\u00e1endum vitsmunav\u00e9la. \u00c1 hverju \u00e1ri kynnir hann tugi n\u00fdrra sk\u00f6punarverka \u00e1 leikfangas\u00fdningunni \u00ed N\u00fcrnberg.<\/p>\n<p>Lausnir ekki innifaldar<\/p>\n<p>Tilkynnt erfi\u00f0leikastig og lausnart\u00edmi eru til vi\u00f0mi\u00f0unar. Sumum g\u00e6ti tekist lengri e\u00f0a skemmri t\u00edmi.<\/p>","protected":false},"excerpt":{"rendered":"<p>&nbsp;<\/p>\n<p>CHALLENGE: open the &#8220;Lunch box&#8221; box!<\/p>\n<p>DIFFICULTY: 5\/6 EXPERT.<\/p>\n<p>&nbsp;<\/p>","protected":false},"featured_media":1333,"comment_status":"open","ping_status":"closed","template":"","meta":{"_monsterinsights_skip_tracking":false,"_monsterinsights_sitenote_active":false,"_monsterinsights_sitenote_note":"","_monsterinsights_sitenote_category":0},"product_brand":[],"product_cat":[25],"product_tag":[158,142,153,143,165,164,162,156,157,140,139,161,65,48,155,163,159,160,150,154],"class_list":{"0":"post-1278","1":"product","2":"type-product","3":"status-publish","4":"has-post-thumbnail","6":"product_cat-wooden-puzzles","7":"product_tag-brain-teaser-box","8":"product_tag-brain-teasers","9":"product_tag-brain-teasers-for-adults","10":"product_tag-brainteasers","11":"product_tag-gift-box","12":"product_tag-gift-case","13":"product_tag-jewelry-box","14":"product_tag-magic-box","15":"product_tag-magic-case","16":"product_tag-mind-games","17":"product_tag-mind-puzzles","18":"product_tag-money-box","19":"product_tag-puzzle-box","20":"product_tag-secret-box","21":"product_tag-secret-case","22":"product_tag-secret-drawer","23":"product_tag-tricky-box","24":"product_tag-tricky-safe","25":"product_tag-wooden-puzzles","26":"product_tag-wooden-puzzles-for-adults","28":"first","29":"instock","30":"taxable","31":"shipping-taxable","32":"purchasable","33":"product-type-simple"},"jetpack_sharing_enabled":true,"_links":{"self":[{"href":"http:\/\/www.hugspil.is\/is\/wp-json\/wp\/v2\/product\/1278","targetHints":{"allow":["GET"]}}],"collection":[{"href":"http:\/\/www.hugspil.is\/is\/wp-json\/wp\/v2\/product"}],"about":[{"href":"http:\/\/www.hugspil.is\/is\/wp-json\/wp\/v2\/types\/product"}],"replies":[{"embeddable":true,"href":"http:\/\/www.hugspil.is\/is\/wp-json\/wp\/v2\/comments?post=1278"}],"wp:featuredmedia":[{"embeddable":true,"href":"http:\/\/www.hugspil.is\/is\/wp-json\/wp\/v2\/media\/1333"}],"wp:attachment":[{"href":"http:\/\/www.hugspil.is\/is\/wp-json\/wp\/v2\/media?parent=1278"}],"wp:term":[{"taxonomy":"product_brand","embeddable":true,"href":"http:\/\/www.hugspil.is\/is\/wp-json\/wp\/v2\/product_brand?post=1278"},{"taxonomy":"product_cat","embeddable":true,"href":"http:\/\/www.hugspil.is\/is\/wp-json\/wp\/v2\/product_cat?post=1278"},{"taxonomy":"product_tag","embeddable":true,"href":"http:\/\/www.hugspil.is\/is\/wp-json\/wp\/v2\/product_tag?post=1278"}],"curies":[{"name":"wp","href":"https:\/\/api.w.org\/{rel}","templated":true}]}}