{"id":1276,"date":"2026-03-22T16:11:07","date_gmt":"2026-03-22T16:11:07","guid":{"rendered":"https:\/\/www.hugspil.is\/?post_type=product&#038;p=1276"},"modified":"2026-03-29T12:57:10","modified_gmt":"2026-03-29T12:57:10","slug":"kannadu-hid-heillandi-volundarhusskassagatuna","status":"publish","type":"product","link":"http:\/\/www.hugspil.is\/is\/product\/exploring-the-fascinating-labyrinth-box-puzzle\/","title":{"rendered":"V\u00f6lundarh\u00faskassi"},"content":{"rendered":"<p><strong>\u00c1SKORUN:<\/strong> Opna\u00f0u leyndard\u00f3mskassann.<\/p>\n<p>\u00c1 toppnum er plex\u00edglerv\u00f6lundarh\u00fas me\u00f0 marmara. Mun \u00feetta hj\u00e1lpa til vi\u00f0 a\u00f0 opna kistuna?<\/p>\n<p><strong>Erfi\u00f0leikastig<\/strong>: 4\/6 Mj\u00f6g erfitt.<\/p>\n<p>\u00d3tr\u00faleg n\u00fdjung fr\u00e1 \u00fe\u00fdska snillingnum Jean Claude Constantin sem mun setja jafnvel \u00ferautaspekinga \u00e1 pr\u00f3f.<\/p>\n<p><strong>Vi\u00f0mi\u00f0<\/strong>: 16,5 x 11 x 9 cm \/ 6,5 x 4,3 x 3,5 tommur.<\/p>\n<p><strong>Me\u00f0allausnat\u00edmi:<\/strong> 30 m\u00edn\u00fatur \u2013 30 dagar.<\/p>\n<p>Jean-Claude Constantin b\u00fdr \u00ed \u00de\u00fdskalandi \u00fear sem hann h\u00f6nnar og framlei\u00f0ir marga vi\u00f0ar- og m\u00e1lmvitsmunavenda, t\u00f6frabr\u00f6g\u00f0 og \u00f6nnur vitsmunaleg leikf\u00f6ng. Hann er talinn einn besti h\u00f6nnu\u00f0ur \u00ed vitsmunavendaheiminum.<\/p>\n<p>*fyrir flesta leikmenn, sumum g\u00e6ti teki\u00f0 lengri e\u00f0a skemmri t\u00edma.<\/p>","protected":false},"excerpt":{"rendered":"<p>&nbsp;<\/p>\n<p>CHALLENGE: Open the secret labyrinth box.<br \/>\nDIFFICULTY: 4\/6 Very hard.<\/p>","protected":false},"featured_media":1317,"comment_status":"open","ping_status":"closed","template":"","meta":{"_monsterinsights_skip_tracking":false,"_monsterinsights_sitenote_active":false,"_monsterinsights_sitenote_note":"","_monsterinsights_sitenote_category":0},"product_brand":[],"product_cat":[25],"product_tag":[158,142,153,143,165,164,162,156,157,140,139,161,65,48,155,163,159,160,150,154],"class_list":{"0":"post-1276","1":"product","2":"type-product","3":"status-publish","4":"has-post-thumbnail","6":"product_cat-wooden-puzzles","7":"product_tag-brain-teaser-box","8":"product_tag-brain-teasers","9":"product_tag-brain-teasers-for-adults","10":"product_tag-brainteasers","11":"product_tag-gift-box","12":"product_tag-gift-case","13":"product_tag-jewelry-box","14":"product_tag-magic-box","15":"product_tag-magic-case","16":"product_tag-mind-games","17":"product_tag-mind-puzzles","18":"product_tag-money-box","19":"product_tag-puzzle-box","20":"product_tag-secret-box","21":"product_tag-secret-case","22":"product_tag-secret-drawer","23":"product_tag-tricky-box","24":"product_tag-tricky-safe","25":"product_tag-wooden-puzzles","26":"product_tag-wooden-puzzles-for-adults","28":"first","29":"instock","30":"taxable","31":"shipping-taxable","32":"purchasable","33":"product-type-simple"},"jetpack_sharing_enabled":true,"_links":{"self":[{"href":"http:\/\/www.hugspil.is\/is\/wp-json\/wp\/v2\/product\/1276","targetHints":{"allow":["GET"]}}],"collection":[{"href":"http:\/\/www.hugspil.is\/is\/wp-json\/wp\/v2\/product"}],"about":[{"href":"http:\/\/www.hugspil.is\/is\/wp-json\/wp\/v2\/types\/product"}],"replies":[{"embeddable":true,"href":"http:\/\/www.hugspil.is\/is\/wp-json\/wp\/v2\/comments?post=1276"}],"wp:featuredmedia":[{"embeddable":true,"href":"http:\/\/www.hugspil.is\/is\/wp-json\/wp\/v2\/media\/1317"}],"wp:attachment":[{"href":"http:\/\/www.hugspil.is\/is\/wp-json\/wp\/v2\/media?parent=1276"}],"wp:term":[{"taxonomy":"product_brand","embeddable":true,"href":"http:\/\/www.hugspil.is\/is\/wp-json\/wp\/v2\/product_brand?post=1276"},{"taxonomy":"product_cat","embeddable":true,"href":"http:\/\/www.hugspil.is\/is\/wp-json\/wp\/v2\/product_cat?post=1276"},{"taxonomy":"product_tag","embeddable":true,"href":"http:\/\/www.hugspil.is\/is\/wp-json\/wp\/v2\/product_tag?post=1276"}],"curies":[{"name":"wp","href":"https:\/\/api.w.org\/{rel}","templated":true}]}}