{"id":1275,"date":"2026-03-22T16:11:07","date_gmt":"2026-03-22T16:11:07","guid":{"rendered":"https:\/\/www.hugspil.is\/?post_type=product&#038;p=1275"},"modified":"2026-03-29T13:20:56","modified_gmt":"2026-03-29T13:20:56","slug":"n5-3-serutgafa-gatla","status":"publish","type":"product","link":"http:\/\/www.hugspil.is\/is\/product\/n5-3-special-edition-puzzle\/","title":{"rendered":"N5-3 \u2013 s\u00e9r\u00fatg\u00e1fa"},"content":{"rendered":"<p>\u00d3tr\u00falegt vi\u00f0arv\u00f6lundarh\u00fasg\u00e1tur\u00e6\u00f0a!<\/p>\n<p>Sleppandi hlutirnir hafa holr\u00fam sem eru l\u00f6gun eins og N e\u00f0a 5 \u2014 \u00fea\u00f0 er af \u00fev\u00ed nafni\u00f0 \u00e1 \u00ferautinni.<\/p>\n<p><strong>\u00c1SKORUN:<\/strong> Lei\u00f0du litlu m\u00e1lmkn\u00f6ttinn \u00fat um \u00fattaksgati\u00f0.<\/p>\n<p>\u00deetta er gert me\u00f0 \u00fev\u00ed a\u00f0 f\u00e6ra tr\u00e9gl\u00e6rnar um f\u00f6stu m\u00e1lmstangirnar \u00fear til lei\u00f0in er grei\u00f0.<\/p>\n<p><strong>Erfi\u00f0leikastig:<\/strong> 3\/6 Erfitt. Me\u00f0allausnart\u00edmi: 1 klst.\u20131 \u00e1r<\/p>\n<p><strong>Vi\u00f0mi\u00f0:<\/strong> 9 x 10 x 2 cm.<\/p>\n<p>Handunni\u00f0 \u00far h\u00e1g\u00e6\u00f0a vi\u00f0i og plex\u00edgleri.<\/p>\n<p>Jean-Claude Constantin b\u00fdr \u00ed \u00de\u00fdskalandi, \u00fear sem hann h\u00f6nnar og framlei\u00f0ir m\u00f6rg vi\u00f0ar- og m\u00e1lm\u00ferautir, t\u00f6fr\u00ferautir og \u00f6nnur r\u00f6kleikf\u00f6ng. Hann er talinn einn besti \u00ferautah\u00f6nnu\u00f0ur \u00ed heiminum.<\/p>\n<p>Erfi\u00f0leikastig og leystingart\u00edmi eru hugl\u00e6g: sumum g\u00e6ti tekist lengri e\u00f0a skemmri t\u00edmi.<\/p>","protected":false},"excerpt":{"rendered":"<p>CHALLENGE: Release the metal ball through the maze\u2019s exit hole.<\/p>\n<p>&nbsp;<\/p>\n<p>ERFI\u00d0LEIKI: 3\/6 ERFI\u00d0T.<\/p>\n<p>&nbsp;<\/p>","protected":false},"featured_media":1314,"comment_status":"open","ping_status":"closed","template":"","meta":{"_monsterinsights_skip_tracking":false,"_monsterinsights_sitenote_active":false,"_monsterinsights_sitenote_note":"","_monsterinsights_sitenote_category":0},"product_brand":[],"product_cat":[25],"product_tag":[142,153,140,139,152,151,150,154],"class_list":{"0":"post-1275","1":"product","2":"type-product","3":"status-publish","4":"has-post-thumbnail","6":"product_cat-wooden-puzzles","7":"product_tag-brain-teasers","8":"product_tag-brain-teasers-for-adults","9":"product_tag-mind-games","10":"product_tag-mind-puzzles","11":"product_tag-puzzles","12":"product_tag-wooden-brain-teasers","13":"product_tag-wooden-puzzles","14":"product_tag-wooden-puzzles-for-adults","16":"first","17":"instock","18":"taxable","19":"shipping-taxable","20":"purchasable","21":"product-type-simple"},"jetpack_sharing_enabled":true,"_links":{"self":[{"href":"http:\/\/www.hugspil.is\/is\/wp-json\/wp\/v2\/product\/1275","targetHints":{"allow":["GET"]}}],"collection":[{"href":"http:\/\/www.hugspil.is\/is\/wp-json\/wp\/v2\/product"}],"about":[{"href":"http:\/\/www.hugspil.is\/is\/wp-json\/wp\/v2\/types\/product"}],"replies":[{"embeddable":true,"href":"http:\/\/www.hugspil.is\/is\/wp-json\/wp\/v2\/comments?post=1275"}],"wp:featuredmedia":[{"embeddable":true,"href":"http:\/\/www.hugspil.is\/is\/wp-json\/wp\/v2\/media\/1314"}],"wp:attachment":[{"href":"http:\/\/www.hugspil.is\/is\/wp-json\/wp\/v2\/media?parent=1275"}],"wp:term":[{"taxonomy":"product_brand","embeddable":true,"href":"http:\/\/www.hugspil.is\/is\/wp-json\/wp\/v2\/product_brand?post=1275"},{"taxonomy":"product_cat","embeddable":true,"href":"http:\/\/www.hugspil.is\/is\/wp-json\/wp\/v2\/product_cat?post=1275"},{"taxonomy":"product_tag","embeddable":true,"href":"http:\/\/www.hugspil.is\/is\/wp-json\/wp\/v2\/product_tag?post=1275"}],"curies":[{"name":"wp","href":"https:\/\/api.w.org\/{rel}","templated":true}]}}