{"id":1274,"date":"2026-03-22T16:11:07","date_gmt":"2026-03-22T16:11:07","guid":{"rendered":"https:\/\/www.hugspil.is\/?post_type=product&#038;p=1274"},"modified":"2026-04-06T11:11:32","modified_gmt":"2026-04-06T11:11:32","slug":"na-tokum-a-sentinel-gatulas-6-6-serfraedistig-askorun","status":"publish","type":"product","link":"http:\/\/www.hugspil.is\/is\/product\/master-the-sentinel-puzzle-lock-6-6-expert-level-challenge\/","title":{"rendered":"V\u00f6r\u00f0ur"},"content":{"rendered":"<p><strong>\u00c1skorun<\/strong>: Kynntu \u00fe\u00e9r hvernig \u00e1 a\u00f0 opna fullkomlega virka tr\u00e9l\u00e1sinn \u00e1 Sentinel.<\/p>\n<p>\u00deegar l\u00e6singin er opnu\u00f0 finnur \u00fe\u00fa falda h\u00f3lfi\u00f0 \u00fear sem \u00fe\u00fa getur fali\u00f0 hlut og gefi\u00f0 vini \u00fe\u00ednum til a\u00f0 finna hann.<\/p>\n<p>Forvitinn?<\/p>\n<p>Ekki \u00fearf a\u00f0 beita ofbeldi til a\u00f0 leysa \u00feessa g\u00e1tu.<\/p>\n<p><strong>Erfi\u00f0leikastig<\/strong>: 6\/6 \u00d6FGALEGT*. Me\u00f0allausnart\u00edmi: 1 klst. \u2013 \u00e6vi.<\/p>\n<p><strong>Vi\u00f0mi\u00f0<\/strong>: 13 x 8 x 4 cm \/ 5 x 3 x 1,5 tommur.<\/p>\n<p>Handunni\u00f0 \u00ed Bandar\u00edkjunum.<\/p>\n<p>*fyrir flesta leikmenn, sumum g\u00e6ti teki\u00f0 lengri e\u00f0a skemmri t\u00edma.<\/p>","protected":false},"excerpt":{"rendered":"<p>CHALLENGE: Open the lock!<\/p>\n<p>DIFFICULTY: 6\/6 EXTREME.<\/p>","protected":false},"featured_media":1306,"comment_status":"open","ping_status":"closed","template":"","meta":{"_monsterinsights_skip_tracking":false,"_monsterinsights_sitenote_active":false,"_monsterinsights_sitenote_note":"","_monsterinsights_sitenote_category":0},"product_brand":[],"product_cat":[25],"product_tag":[132,121,130,131,47],"class_list":{"0":"post-1274","1":"product","2":"type-product","3":"status-publish","4":"has-post-thumbnail","6":"product_cat-wooden-puzzles","7":"product_tag-expert-puzzle","8":"product_tag-logic-game","9":"product_tag-puzzle-lock","10":"product_tag-sentinel-puzzle","11":"product_tag-wooden-puzzle","13":"first","14":"instock","15":"sale","16":"taxable","17":"shipping-taxable","18":"purchasable","19":"product-type-simple"},"jetpack_sharing_enabled":true,"_links":{"self":[{"href":"http:\/\/www.hugspil.is\/is\/wp-json\/wp\/v2\/product\/1274","targetHints":{"allow":["GET"]}}],"collection":[{"href":"http:\/\/www.hugspil.is\/is\/wp-json\/wp\/v2\/product"}],"about":[{"href":"http:\/\/www.hugspil.is\/is\/wp-json\/wp\/v2\/types\/product"}],"replies":[{"embeddable":true,"href":"http:\/\/www.hugspil.is\/is\/wp-json\/wp\/v2\/comments?post=1274"}],"wp:featuredmedia":[{"embeddable":true,"href":"http:\/\/www.hugspil.is\/is\/wp-json\/wp\/v2\/media\/1306"}],"wp:attachment":[{"href":"http:\/\/www.hugspil.is\/is\/wp-json\/wp\/v2\/media?parent=1274"}],"wp:term":[{"taxonomy":"product_brand","embeddable":true,"href":"http:\/\/www.hugspil.is\/is\/wp-json\/wp\/v2\/product_brand?post=1274"},{"taxonomy":"product_cat","embeddable":true,"href":"http:\/\/www.hugspil.is\/is\/wp-json\/wp\/v2\/product_cat?post=1274"},{"taxonomy":"product_tag","embeddable":true,"href":"http:\/\/www.hugspil.is\/is\/wp-json\/wp\/v2\/product_tag?post=1274"}],"curies":[{"name":"wp","href":"https:\/\/api.w.org\/{rel}","templated":true}]}}