{"id":1269,"date":"2026-03-22T16:11:06","date_gmt":"2026-03-22T16:11:06","guid":{"rendered":"https:\/\/www.hugspil.is\/?post_type=product&#038;p=1269"},"modified":"2026-03-26T07:32:37","modified_gmt":"2026-03-26T07:32:37","slug":"e3d-stjornu-bankaleyndarflottakassi","status":"publish","type":"product","link":"http:\/\/www.hugspil.is\/is\/product\/e3d-astro-bank-secret-escape-box\/","title":{"rendered":"E3D ASTRO BANK leynileg fl\u00f3ttakassa"},"content":{"rendered":"<p>\u00deeir <strong>Astro Bank leyndard\u00f3msfl\u00f3ttakassi<\/strong> er fallega sm\u00ed\u00f0a\u00f0ur vi\u00f0arp\u00fasluboxi hanna\u00f0ur fyrir \u00fe\u00e1 sem nj\u00f3ta snjalla hluta me\u00f0 sm\u00e1 dularfullu yfirbrag\u00f0i. Innri v\u00e9lb\u00fana\u00f0urinn er snjallt falinn og krefst r\u00f6khugsunar, n\u00e1kv\u00e6mni og athugunar til a\u00f0 opna hann.<\/p>\n<p>St\u00edlhreint og endingargott, \u00fea\u00f0 m\u00e1 nota sem skrautkassa, litla myntabankabox e\u00f0a frumlegan gjafakassa. A\u00f0 opna \u00fea\u00f0 ver\u00f0ur leikandi vitsmunaleg upplifun, fullkomin fyrir a\u00f0d\u00e1endur fl\u00f3ttakassa og \u00feraut\u00e1hugaf\u00f3lk.<\/p>\n<p>\u00deess <strong>Vi\u00f0mi\u00f0<\/strong> (14 \u00d7 10 \u00d7 5 cm) gerir \u00fea\u00f0 \u00fe\u00e9tt en hagn\u00fdtt, fullkomi\u00f0 fyrir skrifbor\u00f0, hillur e\u00f0a sem gj\u00f6f fyrir einhvern sem kann a\u00f0 meta snj\u00f6ll vi\u00f0arg\u00e1tur.<\/p>\n<p>Einst\u00f6k blanda af handverki, h\u00f6nnun og huganspennandi v\u00e9lfr\u00e6\u00f0i, \u00f3missandi gripur fyrir safnara g\u00e1tuboxa.<\/p>\n<ul>\n<li>Fullkomi\u00f0 sem <strong>Gjafahugmynd <\/strong>e\u00f0a skrautgeymslukassi<\/li>\n<li>Fl\u00f3ttakassager\u00f0art\u00e6ki fyrir skemmtilega og krefjandi opnun<\/li>\n<li><strong>Vi\u00f0mi\u00f0<\/strong>: 14 \u00d7 10 \u00d7 5 cm, \u00fe\u00e9ttur og kj\u00f6rinn til s\u00fdninga e\u00f0a geymslu<\/li>\n<li>Hluti af Secret Escape Box-ser\u00edunni fyrir \u00feraut\u00e1hugaf\u00f3lk<\/li>\n<\/ul>","protected":false},"excerpt":{"rendered":"<ul>\n<li><strong>High-quality wooden puzzle box <\/strong>with a clever secret mechanism.<\/li>\n<\/ul>","protected":false},"featured_media":1208,"comment_status":"open","ping_status":"closed","template":"","meta":{"_monsterinsights_skip_tracking":false,"_monsterinsights_sitenote_active":false,"_monsterinsights_sitenote_note":"","_monsterinsights_sitenote_category":0},"product_brand":[],"product_cat":[25],"product_tag":[73,72,69,70,74,71],"class_list":{"0":"post-1269","1":"product","2":"type-product","3":"status-publish","4":"has-post-thumbnail","6":"product_cat-wooden-puzzles","7":"product_tag-astro-bank-box","8":"product_tag-gift-puzzle-box","9":"product_tag-puzzle-box-wood","10":"product_tag-secret-escape-box","11":"product_tag-smart-gift-idea","12":"product_tag-wooden-brain-teaser","14":"first","15":"instock","16":"taxable","17":"shipping-taxable","18":"purchasable","19":"product-type-simple"},"jetpack_sharing_enabled":true,"_links":{"self":[{"href":"http:\/\/www.hugspil.is\/is\/wp-json\/wp\/v2\/product\/1269","targetHints":{"allow":["GET"]}}],"collection":[{"href":"http:\/\/www.hugspil.is\/is\/wp-json\/wp\/v2\/product"}],"about":[{"href":"http:\/\/www.hugspil.is\/is\/wp-json\/wp\/v2\/types\/product"}],"replies":[{"embeddable":true,"href":"http:\/\/www.hugspil.is\/is\/wp-json\/wp\/v2\/comments?post=1269"}],"wp:featuredmedia":[{"embeddable":true,"href":"http:\/\/www.hugspil.is\/is\/wp-json\/wp\/v2\/media\/1208"}],"wp:attachment":[{"href":"http:\/\/www.hugspil.is\/is\/wp-json\/wp\/v2\/media?parent=1269"}],"wp:term":[{"taxonomy":"product_brand","embeddable":true,"href":"http:\/\/www.hugspil.is\/is\/wp-json\/wp\/v2\/product_brand?post=1269"},{"taxonomy":"product_cat","embeddable":true,"href":"http:\/\/www.hugspil.is\/is\/wp-json\/wp\/v2\/product_cat?post=1269"},{"taxonomy":"product_tag","embeddable":true,"href":"http:\/\/www.hugspil.is\/is\/wp-json\/wp\/v2\/product_tag?post=1269"}],"curies":[{"name":"wp","href":"https:\/\/api.w.org\/{rel}","templated":true}]}}