{"id":1268,"date":"2026-03-22T16:11:06","date_gmt":"2026-03-22T16:11:06","guid":{"rendered":"https:\/\/www.hugspil.is\/?post_type=product&#038;p=1268"},"modified":"2026-03-25T18:59:05","modified_gmt":"2026-03-25T18:59:05","slug":"cluepuzzle-undurkassi-alice","status":"publish","type":"product","link":"http:\/\/www.hugspil.is\/is\/product\/cluepuzzle-the-wonderbox-of-alice\/","title":{"rendered":"THE WONDERBOX OF ALICE"},"content":{"rendered":"<p>\u00d6nnur byltingarkennd vara \u00ed CluePuzzle-l\u00ednunni.<\/p>\n<p>\u00deessi byltingarkennda samruni sameinar tv\u00e6r \u00ferautavirkjanir \u00ed einni kassa: hi\u00f0 klass\u00edska p\u00fasl og spennandi fl\u00f3ttaherbergisupplifun.<\/p>\n<p>Leikmenn eru bo\u00f0nir a\u00f0 tengja saman 180 p\u00faslubitana, leysa g\u00e1tur og virkja falnar v\u00e9lb\u00fana\u00f0i til a\u00f0 afhj\u00fapa leyndarm\u00e1l kassa. Tilvali\u00f0 fyrir \u00fe\u00e1 sem leita a\u00f0 spennandi \u00e1skorun og vilja kanna heim Alice.<\/p>\n<p id=\"B7LI31R\"><strong>Aldur<\/strong>: 10+.<\/p>\n<p><strong>Leikt\u00edmi<\/strong>: 120 m\u00edn\u00fatur.<\/p>\n<p><strong>St\u00e6r\u00f0ir kassa<\/strong>: 21,3 x 15,4 x 13,4 cm.<\/p>\n<p>Handunni\u00f0 \u00ed \u00de\u00fdskalandi.<\/p>","protected":false},"excerpt":{"rendered":"<li>CHALLENGE: connect the 180 puzzle pieces, solve puzzles, and activate hidden mechanisms to reveal the box`s secrets.<\/li>\n<li>PLAYING TIME: ~ 120 minutes.<\/li>\n<li>AGE: 10+.<\/li>","protected":false},"featured_media":1138,"comment_status":"open","ping_status":"closed","template":"","meta":{"_monsterinsights_skip_tracking":false,"_monsterinsights_sitenote_active":false,"_monsterinsights_sitenote_note":"","_monsterinsights_sitenote_category":0},"product_brand":[],"product_cat":[28,27,1131,25],"product_tag":[64,66,67,65,68,63],"class_list":{"0":"post-1268","1":"product","2":"type-product","3":"status-publish","4":"has-post-thumbnail","6":"product_cat-3d-puzzles","7":"product_cat-jigsaw-puzzles","8":"product_cat-other","9":"product_cat-wooden-puzzles","10":"product_tag-cluepuzzle","11":"product_tag-escape-room-puzzle","12":"product_tag-hidden-mechanisms","13":"product_tag-puzzle-box","14":"product_tag-riddles","15":"product_tag-wonderbox-of-alice","17":"first","18":"instock","19":"taxable","20":"shipping-taxable","21":"purchasable","22":"product-type-simple"},"jetpack_sharing_enabled":true,"_links":{"self":[{"href":"http:\/\/www.hugspil.is\/is\/wp-json\/wp\/v2\/product\/1268","targetHints":{"allow":["GET"]}}],"collection":[{"href":"http:\/\/www.hugspil.is\/is\/wp-json\/wp\/v2\/product"}],"about":[{"href":"http:\/\/www.hugspil.is\/is\/wp-json\/wp\/v2\/types\/product"}],"replies":[{"embeddable":true,"href":"http:\/\/www.hugspil.is\/is\/wp-json\/wp\/v2\/comments?post=1268"}],"wp:featuredmedia":[{"embeddable":true,"href":"http:\/\/www.hugspil.is\/is\/wp-json\/wp\/v2\/media\/1138"}],"wp:attachment":[{"href":"http:\/\/www.hugspil.is\/is\/wp-json\/wp\/v2\/media?parent=1268"}],"wp:term":[{"taxonomy":"product_brand","embeddable":true,"href":"http:\/\/www.hugspil.is\/is\/wp-json\/wp\/v2\/product_brand?post=1268"},{"taxonomy":"product_cat","embeddable":true,"href":"http:\/\/www.hugspil.is\/is\/wp-json\/wp\/v2\/product_cat?post=1268"},{"taxonomy":"product_tag","embeddable":true,"href":"http:\/\/www.hugspil.is\/is\/wp-json\/wp\/v2\/product_tag?post=1268"}],"curies":[{"name":"wp","href":"https:\/\/api.w.org\/{rel}","templated":true}]}}